{"id":3429,"date":"2025-09-23T17:20:01","date_gmt":"2025-09-23T15:20:01","guid":{"rendered":"https:\/\/iledamour.com\/kampeerplaatsen\/"},"modified":"2026-01-12T11:26:39","modified_gmt":"2026-01-12T09:26:39","slug":"kampeerplaatsen","status":"publish","type":"page","link":"https:\/\/iledamour.com\/nl\/kampeerplaatsen\/","title":{"rendered":"Kampeerplaatsen"},"content":{"rendered":"\t\t<div data-elementor-type=\"wp-page\" data-elementor-id=\"3429\" class=\"elementor elementor-3429 elementor-33\" data-elementor-post-type=\"page\">\n\t\t\t\t<div class=\"elementor-element elementor-element-145111be e-flex e-con-boxed e-con e-parent\" data-id=\"145111be\" data-element_type=\"container\" data-e-type=\"container\" data-settings=\"{&quot;background_background&quot;:&quot;classic&quot;}\">\n\t\t\t\t\t<div class=\"e-con-inner\">\n\t\t<div class=\"elementor-element elementor-element-480ae350 e-con-full e-flex e-con e-child\" data-id=\"480ae350\" data-element_type=\"container\" data-e-type=\"container\">\n\t\t\t\t<div class=\"elementor-element elementor-element-55843fb7 .hero-title elementor-widget elementor-widget-heading\" data-id=\"55843fb7\" data-element_type=\"widget\" data-e-type=\"widget\" data-widget_type=\"heading.default\">\n\t\t\t\t<div class=\"elementor-widget-container\">\n\t\t\t\t\t<h1 class=\"elementor-heading-title elementor-size-default\">Kampeerplaatsen voor tenten, caravans en campers<\/h1>\t\t\t\t<\/div>\n\t\t\t\t<\/div>\n\t\t\t\t<div class=\"elementor-element elementor-element-76be984 elementor-widget elementor-widget-text-editor\" data-id=\"76be984\" data-element_type=\"widget\" data-e-type=\"widget\" data-widget_type=\"text-editor.default\">\n\t\t\t\t<div class=\"elementor-widget-container\">\n\t\t\t\t\t\t\t\t\t<p class=\"p1\">Of u nu op doorreis bent voor \u00e9\u00e9n nacht of voor een paar dagen, de kampeerplaatsen van Camping l&#8217;\u00cele d&#8217;Amour bieden een eenvoudige en praktische oplossing, in een rustige en natuurlijke omgeving aan de oever van de Yonne, vlakbij Sens.<\/p>\t\t\t\t\t\t\t\t<\/div>\n\t\t\t\t<\/div>\n\t\t\t\t<\/div>\n\t\t\t\t\t<\/div>\n\t\t\t\t<\/div>\n\t\t<div class=\"elementor-element elementor-element-707f466d e-flex e-con-boxed e-con e-parent\" data-id=\"707f466d\" data-element_type=\"container\" data-e-type=\"container\">\n\t\t\t\t\t<div class=\"e-con-inner\">\n\t\t\t\t<div class=\"elementor-element elementor-element-45b88f57 elementor-widget elementor-widget-heading\" data-id=\"45b88f57\" data-element_type=\"widget\" data-e-type=\"widget\" data-widget_type=\"heading.default\">\n\t\t\t\t<div class=\"elementor-widget-container\">\n\t\t\t\t\t<h2 class=\"elementor-heading-title elementor-size-default\">Ruime en toegankelijke plaatsen<\/h2>\t\t\t\t<\/div>\n\t\t\t\t<\/div>\n\t\t\t\t<div class=\"elementor-element elementor-element-6b24e999 elementor-widget elementor-widget-text-editor\" data-id=\"6b24e999\" data-element_type=\"widget\" data-e-type=\"widget\" data-widget_type=\"text-editor.default\">\n\t\t\t\t<div class=\"elementor-widget-container\">\n\t\t\t\t\t\t\t\t\t<p class=\"p1\">Camping l&#8217;\u00cele d&#8217;Amour beschikt over <span class=\"s1\"><b>158 plaatsen<\/b><\/span>, met een gemiddelde oppervlakte van ongeveer <span class=\"s1\"><b>100 m\u00b2<\/b><\/span>, waardoor iedereen comfortabel kan verblijven, of het nu in een tent, caravan of camper is.<\/p><p class=\"p1\">De camping geeft de voorkeur aan <span class=\"s1\"><b>ruimte, rust en bewegingsvrijheid<\/b><\/span>, terwijl deze toch gemakkelijk bereikbaar is vanaf de hoofdwegen en de <span class=\"s1\"><b>fietsroute V55 (Parijs \u2192 Sens)<\/b><\/span>.<\/p>\t\t\t\t\t\t\t\t<\/div>\n\t\t\t\t<\/div>\n\t\t\t\t\t<\/div>\n\t\t\t\t<\/div>\n\t\t<div class=\"elementor-element elementor-element-2ac10d2 e-flex e-con-boxed e-con e-parent\" data-id=\"2ac10d2\" data-element_type=\"container\" data-e-type=\"container\">\n\t\t\t\t\t<div class=\"e-con-inner\">\n\t\t\t\t<div class=\"elementor-element elementor-element-4fe4eca elementor-widget elementor-widget-heading\" data-id=\"4fe4eca\" data-element_type=\"widget\" data-e-type=\"widget\" data-widget_type=\"heading.default\">\n\t\t\t\t<div class=\"elementor-widget-container\">\n\t\t\t\t\t<h2 class=\"elementor-heading-title elementor-size-default\">Plaatsen die zijn aangepast aan uw type verblijf<\/h2>\t\t\t\t<\/div>\n\t\t\t\t<\/div>\n\t\t\t\t<div class=\"elementor-element elementor-element-0f9049d elementor-widget elementor-widget-text-editor\" data-id=\"0f9049d\" data-element_type=\"widget\" data-e-type=\"widget\" data-widget_type=\"text-editor.default\">\n\t\t\t\t<div class=\"elementor-widget-container\">\n\t\t\t\t\t\t\t\t\t<p class=\"p1\">De plaatsen zijn bijzonder geschikt voor:<\/p><ul><li class=\"p1\">voor <span class=\"s1\"><b>tussenstops van \u00e9\u00e9n nacht<\/b><\/span> of een kort verblijf,<\/li><li class=\"p1\">voor <span class=\"s1\"><b>fietsers op doorreis<\/b><\/span>, met een directe toegang tot de fietsroute V55,<\/li><li class=\"p1\">voor <span class=\"s1\"><b>campers<\/b><\/span> die op zoek zijn naar een rustige, praktische en goed gelegen halte,<\/li><li class=\"p1\">voor <span class=\"s1\"><b>gezinnen<\/b><\/span> die een eenvoudig verblijf midden in de natuur wensen.<\/li><\/ul>\t\t\t\t\t\t\t\t<\/div>\n\t\t\t\t<\/div>\n\t\t\t\t\t<\/div>\n\t\t\t\t<\/div>\n\t\t<div class=\"elementor-element elementor-element-3d32deb e-flex e-con-boxed e-con e-parent\" data-id=\"3d32deb\" data-element_type=\"container\" data-e-type=\"container\">\n\t\t\t\t\t<div class=\"e-con-inner\">\n\t\t\t\t<div class=\"elementor-element elementor-element-d08c510 elementor-widget elementor-widget-heading\" data-id=\"d08c510\" data-element_type=\"widget\" data-e-type=\"widget\" data-widget_type=\"heading.default\">\n\t\t\t\t<div class=\"elementor-widget-container\">\n\t\t\t\t\t<h2 class=\"elementor-heading-title elementor-size-default\">Uitrusting van de plaatsen<\/h2>\t\t\t\t<\/div>\n\t\t\t\t<\/div>\n\t\t\t\t<div class=\"elementor-element elementor-element-3324e7b elementor-widget elementor-widget-text-editor\" data-id=\"3324e7b\" data-element_type=\"widget\" data-e-type=\"widget\" data-widget_type=\"text-editor.default\">\n\t\t\t\t<div class=\"elementor-widget-container\">\n\t\t\t\t\t\t\t\t\t<p class=\"p1\">De plaatsen van Camping l&#8217;\u00cele d&#8217;Amour zijn uitgerust om te voldoen aan de basisbehoeften van kampeerders, in een eenvoudige, functionele en goed onderhouden omgeving:<\/p><ul><li><p class=\"p1\"><span class=\"s1\"><b>Elektrische aansluitingen van 10 amp\u00e8re<\/b><\/span>, beschikbaar op <b>alle<\/b> plaatsen,<\/p><\/li><li><p class=\"p1\"><span class=\"s1\"><b>Gemeenschappelijk sanitair, goed onderhouden<\/b><\/span>, met voorzieningen die zijn aangepast aan personen met beperkte mobiliteit (PMR),<\/p><\/li><li><p class=\"p1\"><b>Loospunt voor campers<\/b><span class=\"s1\"> (betaalde service),<\/span><\/p><\/li><li><p class=\"p1\"><span class=\"s1\"><b>Water bijvullen inbegrepen<\/b><\/span> voor campinggasten <i>(betaalde service voor externen)<\/i>.<\/p><\/li><\/ul><p class=\"p1\">Kampeerders hebben ook toegang tot alle <a href=\"https:\/\/iledamour.com\/services-et-equipements\/\"><span class=\"s1\"><b>diensten en voorzieningen van de camping<\/b><\/span><\/a>, waardoor zowel korte als langere verblijven worden vergemakkelijkt.<\/p>\t\t\t\t\t\t\t\t<\/div>\n\t\t\t\t<\/div>\n\t\t\t\t\t<\/div>\n\t\t\t\t<\/div>\n\t\t<div class=\"elementor-element elementor-element-c3be6a4 e-flex e-con-boxed e-con e-parent\" data-id=\"c3be6a4\" data-element_type=\"container\" data-e-type=\"container\">\n\t\t\t\t\t<div class=\"e-con-inner\">\n\t\t\t\t<div class=\"elementor-element elementor-element-3f98d40 elementor-widget elementor-widget-heading\" data-id=\"3f98d40\" data-element_type=\"widget\" data-e-type=\"widget\" data-widget_type=\"heading.default\">\n\t\t\t\t<div class=\"elementor-widget-container\">\n\t\t\t\t\t<h2 class=\"elementor-heading-title elementor-size-default\">Een eenvoudige en flexibele aankomst<\/h2>\t\t\t\t<\/div>\n\t\t\t\t<\/div>\n\t\t\t\t<div class=\"elementor-element elementor-element-f107941 elementor-widget elementor-widget-text-editor\" data-id=\"f107941\" data-element_type=\"widget\" data-e-type=\"widget\" data-widget_type=\"text-editor.default\">\n\t\t\t\t<div class=\"elementor-widget-container\">\n\t\t\t\t\t\t\t\t\t<p class=\"p1\">In- en uitgangen zijn vrij toegankelijk dankzij een <span class=\"s1\"><b>systeem met toegangscodes<\/b><\/span>, wat een grote flexibiliteit in de organisatie biedt, ook bij late aankomst.<\/p><p class=\"p1\">Deze vrijheid wordt vooral gewaardeerd bij <span class=\"s1\"><b>tussenstops<\/b><\/span>, <span class=\"s1\"><b>fietsers op doorreis<\/b><\/span> of <span class=\"s1\"><b>aankomst in de avond<\/b><\/span>, waardoor men zijn doortocht kan organiseren zonder overmatige tijdsdruk.<\/p>\t\t\t\t\t\t\t\t<\/div>\n\t\t\t\t<\/div>\n\t\t\t\t\t<\/div>\n\t\t\t\t<\/div>\n\t\t<div class=\"elementor-element elementor-element-5b909ff1 e-flex e-con-boxed e-con e-parent\" data-id=\"5b909ff1\" data-element_type=\"container\" data-e-type=\"container\" data-settings=\"{&quot;background_background&quot;:&quot;classic&quot;}\">\n\t\t\t\t\t<div class=\"e-con-inner\">\n\t\t<div class=\"elementor-element elementor-element-79f3cd30 e-con-full e-flex e-con e-child\" data-id=\"79f3cd30\" data-element_type=\"container\" data-e-type=\"container\">\n\t\t\t\t<div class=\"elementor-element elementor-element-3024020e elementor-widget elementor-widget-heading\" data-id=\"3024020e\" data-element_type=\"widget\" data-e-type=\"widget\" data-widget_type=\"heading.default\">\n\t\t\t\t<div class=\"elementor-widget-container\">\n\t\t\t\t\t<h2 class=\"elementor-heading-title elementor-size-default\">Reserveer een plaats aan de oever van de Yonne<\/h2>\t\t\t\t<\/div>\n\t\t\t\t<\/div>\n\t\t\t\t<div class=\"elementor-element elementor-element-7da97194 elementor-widget elementor-widget-text-editor\" data-id=\"7da97194\" data-element_type=\"widget\" data-e-type=\"widget\" data-widget_type=\"text-editor.default\">\n\t\t\t\t<div class=\"elementor-widget-container\">\n\t\t\t\t\t\t\t\t\t<p class=\"p1\">Bekijk de beschikbaarheid en kies uw plaats voor een tussenstop of een verblijf op Camping l&#8217;\u00cele d&#8217;Amour.<\/p>\t\t\t\t\t\t\t\t<\/div>\n\t\t\t\t<\/div>\n\t\t\t\t<div class=\"elementor-element elementor-element-bd7808f elementor-widget elementor-widget-button\" data-id=\"bd7808f\" data-element_type=\"widget\" data-e-type=\"widget\" data-widget_type=\"button.default\">\n\t\t\t\t<div class=\"elementor-widget-container\">\n\t\t\t\t\t\t\t\t\t<div class=\"elementor-button-wrapper\">\n\t\t\t\t\t<a class=\"elementor-button elementor-button-link elementor-size-sm\" href=\"https:\/\/reservation.secureholiday.net\/fr\/16351\/\">\n\t\t\t\t\t\t<span class=\"elementor-button-content-wrapper\">\n\t\t\t\t\t\t\t\t\t<span class=\"elementor-button-text\">Bekijk de beschikbaarheid<\/span>\n\t\t\t\t\t<\/span>\n\t\t\t\t\t<\/a>\n\t\t\t\t<\/div>\n\t\t\t\t\t\t\t\t<\/div>\n\t\t\t\t<\/div>\n\t\t\t\t<\/div>\n\t\t\t\t\t<\/div>\n\t\t\t\t<\/div>\n\t\t\t\t<\/div>\n\t\t","protected":false},"excerpt":{"rendered":"<p>Kampeerplaatsen voor tenten, caravans en campers Of u nu op doorreis bent voor \u00e9\u00e9n nacht of voor een paar dagen, de kampeerplaatsen van Camping l&#8217;\u00cele d&#8217;Amour bieden een eenvoudige en praktische oplossing, in een rustige en natuurlijke omgeving aan de oever van de Yonne, vlakbij Sens. Ruime en toegankelijke plaatsen Camping l&#8217;\u00cele d&#8217;Amour beschikt over [&hellip;]<\/p>\n","protected":false},"author":1,"featured_media":0,"parent":0,"menu_order":0,"comment_status":"closed","ping_status":"closed","template":"","meta":{"footnotes":""},"class_list":["post-3429","page","type-page","status-publish","hentry"],"yoast_head":"<!-- This site is optimized with the Yoast SEO plugin v27.5 - https:\/\/yoast.com\/product\/yoast-seo-wordpress\/ -->\n<title>Kampeerplaatsen in Pont-sur-Yonne | Tenten, caravans, campers<\/title>\n<meta name=\"description\" content=\"Ruime plaatsen voor tenten, caravans en campers aan de oever van de Yonne, op een rustige en goed bereikbare camping.\" \/>\n<meta name=\"robots\" content=\"index, follow, max-snippet:-1, max-image-preview:large, max-video-preview:-1\" \/>\n<link rel=\"canonical\" href=\"https:\/\/iledamour.com\/nl\/kampeerplaatsen\/\" \/>\n<meta property=\"og:locale\" content=\"nl_NL\" \/>\n<meta property=\"og:type\" content=\"article\" \/>\n<meta property=\"og:title\" content=\"Kampeerplaatsen in Pont-sur-Yonne | Tenten, caravans, campers\" \/>\n<meta property=\"og:description\" content=\"Ruime plaatsen voor tenten, caravans en campers aan de oever van de Yonne, op een rustige en goed bereikbare camping.\" \/>\n<meta property=\"og:url\" content=\"https:\/\/iledamour.com\/nl\/kampeerplaatsen\/\" \/>\n<meta property=\"og:site_name\" content=\"Camping l\u2019\u00cele d\u2019Amour\" \/>\n<meta property=\"article:modified_time\" content=\"2026-01-12T09:26:39+00:00\" \/>\n<meta name=\"twitter:card\" content=\"summary_large_image\" \/>\n<meta name=\"twitter:label1\" content=\"Geschatte leestijd\" \/>\n\t<meta name=\"twitter:data1\" content=\"2 minuten\" \/>\n<script type=\"application\/ld+json\" class=\"yoast-schema-graph\">{\"@context\":\"https:\\\/\\\/schema.org\",\"@graph\":[{\"@type\":\"WebPage\",\"@id\":\"https:\\\/\\\/iledamour.com\\\/nl\\\/kampeerplaatsen\\\/\",\"url\":\"https:\\\/\\\/iledamour.com\\\/nl\\\/kampeerplaatsen\\\/\",\"name\":\"Kampeerplaatsen in Pont-sur-Yonne | Tenten, caravans, campers\",\"isPartOf\":{\"@id\":\"https:\\\/\\\/iledamour.com\\\/nl\\\/#website\"},\"datePublished\":\"2025-09-23T15:20:01+00:00\",\"dateModified\":\"2026-01-12T09:26:39+00:00\",\"description\":\"Ruime plaatsen voor tenten, caravans en campers aan de oever van de Yonne, op een rustige en goed bereikbare camping.\",\"breadcrumb\":{\"@id\":\"https:\\\/\\\/iledamour.com\\\/nl\\\/kampeerplaatsen\\\/#breadcrumb\"},\"inLanguage\":\"nl-NL\",\"potentialAction\":[{\"@type\":\"ReadAction\",\"target\":[\"https:\\\/\\\/iledamour.com\\\/nl\\\/kampeerplaatsen\\\/\"]}]},{\"@type\":\"BreadcrumbList\",\"@id\":\"https:\\\/\\\/iledamour.com\\\/nl\\\/kampeerplaatsen\\\/#breadcrumb\",\"itemListElement\":[{\"@type\":\"ListItem\",\"position\":1,\"name\":\"Home\",\"item\":\"https:\\\/\\\/iledamour.com\\\/nl\\\/home\\\/\"},{\"@type\":\"ListItem\",\"position\":2,\"name\":\"Kampeerplaatsen\"}]},{\"@type\":\"WebSite\",\"@id\":\"https:\\\/\\\/iledamour.com\\\/nl\\\/#website\",\"url\":\"https:\\\/\\\/iledamour.com\\\/nl\\\/\",\"name\":\"Camping l\u2019\u00cele d\u2019Amour\",\"description\":\"Camping 2\u2605 \u00e0 Pont-sur-Yonne \u2013 Bourgogne\",\"publisher\":{\"@id\":\"https:\\\/\\\/iledamour.com\\\/nl\\\/#organization\"},\"potentialAction\":[{\"@type\":\"SearchAction\",\"target\":{\"@type\":\"EntryPoint\",\"urlTemplate\":\"https:\\\/\\\/iledamour.com\\\/nl\\\/?s={search_term_string}\"},\"query-input\":{\"@type\":\"PropertyValueSpecification\",\"valueRequired\":true,\"valueName\":\"search_term_string\"}}],\"inLanguage\":\"nl-NL\"},{\"@type\":\"Organization\",\"@id\":\"https:\\\/\\\/iledamour.com\\\/nl\\\/#organization\",\"name\":\"Camping l\u2019\u00cele d\u2019Amour\",\"url\":\"https:\\\/\\\/iledamour.com\\\/nl\\\/\",\"logo\":{\"@type\":\"ImageObject\",\"inLanguage\":\"nl-NL\",\"@id\":\"https:\\\/\\\/iledamour.com\\\/nl\\\/#\\\/schema\\\/logo\\\/image\\\/\",\"url\":\"https:\\\/\\\/iledamour.com\\\/wp-content\\\/uploads\\\/2025\\\/09\\\/4.webp\",\"contentUrl\":\"https:\\\/\\\/iledamour.com\\\/wp-content\\\/uploads\\\/2025\\\/09\\\/4.webp\",\"width\":1182,\"height\":1920,\"caption\":\"Camping l\u2019\u00cele d\u2019Amour\"},\"image\":{\"@id\":\"https:\\\/\\\/iledamour.com\\\/nl\\\/#\\\/schema\\\/logo\\\/image\\\/\"}}]}<\/script>\n<!-- \/ Yoast SEO plugin. -->","yoast_head_json":{"title":"Kampeerplaatsen in Pont-sur-Yonne | Tenten, caravans, campers","description":"Ruime plaatsen voor tenten, caravans en campers aan de oever van de Yonne, op een rustige en goed bereikbare camping.","robots":{"index":"index","follow":"follow","max-snippet":"max-snippet:-1","max-image-preview":"max-image-preview:large","max-video-preview":"max-video-preview:-1"},"canonical":"https:\/\/iledamour.com\/nl\/kampeerplaatsen\/","og_locale":"nl_NL","og_type":"article","og_title":"Kampeerplaatsen in Pont-sur-Yonne | Tenten, caravans, campers","og_description":"Ruime plaatsen voor tenten, caravans en campers aan de oever van de Yonne, op een rustige en goed bereikbare camping.","og_url":"https:\/\/iledamour.com\/nl\/kampeerplaatsen\/","og_site_name":"Camping l\u2019\u00cele d\u2019Amour","article_modified_time":"2026-01-12T09:26:39+00:00","twitter_card":"summary_large_image","twitter_misc":{"Geschatte leestijd":"2 minuten"},"schema":{"@context":"https:\/\/schema.org","@graph":[{"@type":"WebPage","@id":"https:\/\/iledamour.com\/nl\/kampeerplaatsen\/","url":"https:\/\/iledamour.com\/nl\/kampeerplaatsen\/","name":"Kampeerplaatsen in Pont-sur-Yonne | Tenten, caravans, campers","isPartOf":{"@id":"https:\/\/iledamour.com\/nl\/#website"},"datePublished":"2025-09-23T15:20:01+00:00","dateModified":"2026-01-12T09:26:39+00:00","description":"Ruime plaatsen voor tenten, caravans en campers aan de oever van de Yonne, op een rustige en goed bereikbare camping.","breadcrumb":{"@id":"https:\/\/iledamour.com\/nl\/kampeerplaatsen\/#breadcrumb"},"inLanguage":"nl-NL","potentialAction":[{"@type":"ReadAction","target":["https:\/\/iledamour.com\/nl\/kampeerplaatsen\/"]}]},{"@type":"BreadcrumbList","@id":"https:\/\/iledamour.com\/nl\/kampeerplaatsen\/#breadcrumb","itemListElement":[{"@type":"ListItem","position":1,"name":"Home","item":"https:\/\/iledamour.com\/nl\/home\/"},{"@type":"ListItem","position":2,"name":"Kampeerplaatsen"}]},{"@type":"WebSite","@id":"https:\/\/iledamour.com\/nl\/#website","url":"https:\/\/iledamour.com\/nl\/","name":"Camping l\u2019\u00cele d\u2019Amour","description":"Camping 2\u2605 \u00e0 Pont-sur-Yonne \u2013 Bourgogne","publisher":{"@id":"https:\/\/iledamour.com\/nl\/#organization"},"potentialAction":[{"@type":"SearchAction","target":{"@type":"EntryPoint","urlTemplate":"https:\/\/iledamour.com\/nl\/?s={search_term_string}"},"query-input":{"@type":"PropertyValueSpecification","valueRequired":true,"valueName":"search_term_string"}}],"inLanguage":"nl-NL"},{"@type":"Organization","@id":"https:\/\/iledamour.com\/nl\/#organization","name":"Camping l\u2019\u00cele d\u2019Amour","url":"https:\/\/iledamour.com\/nl\/","logo":{"@type":"ImageObject","inLanguage":"nl-NL","@id":"https:\/\/iledamour.com\/nl\/#\/schema\/logo\/image\/","url":"https:\/\/iledamour.com\/wp-content\/uploads\/2025\/09\/4.webp","contentUrl":"https:\/\/iledamour.com\/wp-content\/uploads\/2025\/09\/4.webp","width":1182,"height":1920,"caption":"Camping l\u2019\u00cele d\u2019Amour"},"image":{"@id":"https:\/\/iledamour.com\/nl\/#\/schema\/logo\/image\/"}}]}},"_hostinger_reach_plugin_has_subscription_block":false,"_hostinger_reach_plugin_is_elementor":false,"_links":{"self":[{"href":"https:\/\/iledamour.com\/nl\/wp-json\/wp\/v2\/pages\/3429","targetHints":{"allow":["GET"]}}],"collection":[{"href":"https:\/\/iledamour.com\/nl\/wp-json\/wp\/v2\/pages"}],"about":[{"href":"https:\/\/iledamour.com\/nl\/wp-json\/wp\/v2\/types\/page"}],"author":[{"embeddable":true,"href":"https:\/\/iledamour.com\/nl\/wp-json\/wp\/v2\/users\/1"}],"replies":[{"embeddable":true,"href":"https:\/\/iledamour.com\/nl\/wp-json\/wp\/v2\/comments?post=3429"}],"version-history":[{"count":1,"href":"https:\/\/iledamour.com\/nl\/wp-json\/wp\/v2\/pages\/3429\/revisions"}],"predecessor-version":[{"id":3430,"href":"https:\/\/iledamour.com\/nl\/wp-json\/wp\/v2\/pages\/3429\/revisions\/3430"}],"wp:attachment":[{"href":"https:\/\/iledamour.com\/nl\/wp-json\/wp\/v2\/media?parent=3429"}],"curies":[{"name":"wp","href":"https:\/\/api.w.org\/{rel}","templated":true}]}}