{"id":3427,"date":"2025-12-18T00:42:41","date_gmt":"2025-12-17T22:42:41","guid":{"rendered":"https:\/\/iledamour.com\/services-und-ausstattung\/"},"modified":"2026-01-12T11:24:27","modified_gmt":"2026-01-12T09:24:27","slug":"services-und-ausstattung","status":"publish","type":"page","link":"https:\/\/iledamour.com\/de\/services-und-ausstattung\/","title":{"rendered":"Services und Ausstattung"},"content":{"rendered":"\t\t<div data-elementor-type=\"wp-page\" data-elementor-id=\"3427\" class=\"elementor elementor-3427 elementor-1902\" data-elementor-post-type=\"page\">\n\t\t\t\t<div class=\"elementor-element elementor-element-1aadf28 e-flex e-con-boxed e-con e-parent\" data-id=\"1aadf28\" data-element_type=\"container\" data-e-type=\"container\" data-settings=\"{&quot;background_background&quot;:&quot;classic&quot;}\">\n\t\t\t\t\t<div class=\"e-con-inner\">\n\t\t<div class=\"elementor-element elementor-element-8ffbc81 e-con-full e-flex e-con e-child\" data-id=\"8ffbc81\" data-element_type=\"container\" data-e-type=\"container\">\n\t\t\t\t<div class=\"elementor-element elementor-element-f710894 .hero-title elementor-widget elementor-widget-heading\" data-id=\"f710894\" data-element_type=\"widget\" data-e-type=\"widget\" data-widget_type=\"heading.default\">\n\t\t\t\t<div class=\"elementor-widget-container\">\n\t\t\t\t\t<h1 class=\"elementor-heading-title elementor-size-default\">Services und Ausstattung des Campingplatzes \u00cele d\u2019Amour<\/h1>\t\t\t\t<\/div>\n\t\t\t\t<\/div>\n\t\t\t\t<div class=\"elementor-element elementor-element-b0fd1ab elementor-widget elementor-widget-text-editor\" data-id=\"b0fd1ab\" data-element_type=\"widget\" data-e-type=\"widget\" data-widget_type=\"text-editor.default\">\n\t\t\t\t<div class=\"elementor-widget-container\">\n\t\t\t\t\t\t\t\t\t<p class=\"p1\">Der Campingplatz \u00cele d\u2019Amour bietet einfache, praktische und st\u00e4ndig verbesserte Services an, um einen angenehmen und ruhigen Aufenthalt am Ufer der Yonne zu gew\u00e4hrleisten.<\/p>\t\t\t\t\t\t\t\t<\/div>\n\t\t\t\t<\/div>\n\t\t\t\t<\/div>\n\t\t\t\t\t<\/div>\n\t\t\t\t<\/div>\n\t\t<div class=\"elementor-element elementor-element-8a09d28 e-flex e-con-boxed e-con e-parent\" data-id=\"8a09d28\" data-element_type=\"container\" data-e-type=\"container\">\n\t\t\t\t\t<div class=\"e-con-inner\">\n\t\t\t\t<div class=\"elementor-element elementor-element-cca378f elementor-widget elementor-widget-heading\" data-id=\"cca378f\" data-element_type=\"widget\" data-e-type=\"widget\" data-widget_type=\"heading.default\">\n\t\t\t\t<div class=\"elementor-widget-container\">\n\t\t\t\t\t<h2 class=\"elementor-heading-title elementor-size-default\">Wesentliche Services f\u00fcr deinen Aufenthalt<\/h2>\t\t\t\t<\/div>\n\t\t\t\t<\/div>\n\t\t\t\t<div class=\"elementor-element elementor-element-8be03b9 elementor-widget elementor-widget-text-editor\" data-id=\"8be03b9\" data-element_type=\"widget\" data-e-type=\"widget\" data-widget_type=\"text-editor.default\">\n\t\t\t\t<div class=\"elementor-widget-container\">\n\t\t\t\t\t\t\t\t\t<p>Der Campingplatz bietet die notwendige Ausstattung f\u00fcr einen komfortablen Aufenthalt, ohne \u00dcberfl\u00fcssiges.<\/p><p>Das Ziel ist es, <span class=\"s1\"><b>Einfachheit, Zug\u00e4nglichkeit und Gelassenheit<\/b><\/span> zu gew\u00e4hrleisten, egal ob du f\u00fcr eine Nacht auf der Durchreise bist oder f\u00fcr mehrere Tage bleibst.<\/p><p><span class=\"s2\">Du profitierst insbesondere von <\/span><b>gepflegten Sanit\u00e4ranlagen<\/b><span class=\"s2\">, <\/span><b>Stromanschl\u00fcssen auf den Stellpl\u00e4tzen<\/b><span class=\"s2\"> sowie einem <\/span><b>flexiblen Empfang, der sp\u00e4te Anreisen erm\u00f6glicht<\/b><span class=\"s2\">.<\/span><\/p><p>Egal ob du in einem <strong><a href=\"https:\/\/iledamour.com\/de\/stellplaetze\/\">Zelt, Van, Wohnmobil<\/a><\/strong> oder in einem <a href=\"https:\/\/iledamour.com\/mobil-homes\/\"><strong>Mobilheim<\/strong><\/a> \u00fcbernachtest, alles ist f\u00fcr eine einfache Einrichtung und einen friedlichen Aufenthalt konzipiert.<\/p>\t\t\t\t\t\t\t\t<\/div>\n\t\t\t\t<\/div>\n\t\t\t\t\t<\/div>\n\t\t\t\t<\/div>\n\t\t<div class=\"elementor-element elementor-element-dde6e5a e-flex e-con-boxed e-con e-parent\" data-id=\"dde6e5a\" data-element_type=\"container\" data-e-type=\"container\">\n\t\t\t\t\t<div class=\"e-con-inner\">\n\t\t\t\t<div class=\"elementor-element elementor-element-16b539f elementor-widget elementor-widget-heading\" data-id=\"16b539f\" data-element_type=\"widget\" data-e-type=\"widget\" data-widget_type=\"heading.default\">\n\t\t\t\t<div class=\"elementor-widget-container\">\n\t\t\t\t\t<h2 class=\"elementor-heading-title elementor-size-default\">Ausstattung und Einrichtungen des Campingplatzes<\/h2>\t\t\t\t<\/div>\n\t\t\t\t<\/div>\n\t\t\t\t<div class=\"elementor-element elementor-element-ef47804 elementor-widget elementor-widget-text-editor\" data-id=\"ef47804\" data-element_type=\"widget\" data-e-type=\"widget\" data-widget_type=\"text-editor.default\">\n\t\t\t\t<div class=\"elementor-widget-container\">\n\t\t\t\t\t\t\t\t\t<p class=\"p1\">Der Campingplatz \u00cele d\u2019Amour verf\u00fcgt \u00fcber mehrere Ausstattungen, die den Alltag vor Ort erleichtern:<\/p><ul><li><span class=\"s1\"><b>Gemeinschaftssanit\u00e4ranlagen<\/b><\/span> mit Duschen und Waschbecken, regelm\u00e4\u00dfig gewartet<\/li><li class=\"p1\"><span class=\"s1\"><b>Barrierefreie Ausstattung<\/b><\/span> (f\u00fcr Personen mit eingeschr\u00e4nkter Mobilit\u00e4t)<\/li><li class=\"p1\"><span class=\"s1\"><b>Stromanschluss<\/b><\/span> auf allen Stellpl\u00e4tzen verf\u00fcgbar<\/li><li class=\"p1\"><span class=\"s1\"><b>Wasserstellen<\/b><\/span> auf dem Campingplatz zug\u00e4nglich<\/li><li class=\"p1\"><span class=\"s1\"><b>Picknicktische<\/b><\/span> auf dem Gel\u00e4nde verteilt<\/li><li class=\"p1\"><span class=\"s1\"><b>Gemeinschaftsbereiche<\/b><\/span>, die Geselligkeit und Erholung f\u00f6rdern<\/li><\/ul>\t\t\t\t\t\t\t\t<\/div>\n\t\t\t\t<\/div>\n\t\t\t\t\t<\/div>\n\t\t\t\t<\/div>\n\t\t<div class=\"elementor-element elementor-element-9195f44 e-flex e-con-boxed e-con e-parent\" data-id=\"9195f44\" data-element_type=\"container\" data-e-type=\"container\">\n\t\t\t\t\t<div class=\"e-con-inner\">\n\t\t\t\t<div class=\"elementor-element elementor-element-24e9535 elementor-widget elementor-widget-heading\" data-id=\"24e9535\" data-element_type=\"widget\" data-e-type=\"widget\" data-widget_type=\"heading.default\">\n\t\t\t\t<div class=\"elementor-widget-container\">\n\t\t\t\t\t<h2 class=\"elementor-heading-title elementor-size-default\">Eine Umgebung, die zur Entspannung und zu sanften Aktivit\u00e4ten einl\u00e4dt<\/h2>\t\t\t\t<\/div>\n\t\t\t\t<\/div>\n\t\t\t\t<div class=\"elementor-element elementor-element-292b0f6 elementor-widget elementor-widget-text-editor\" data-id=\"292b0f6\" data-element_type=\"widget\" data-e-type=\"widget\" data-widget_type=\"text-editor.default\">\n\t\t\t\t<div class=\"elementor-widget-container\">\n\t\t\t\t\t\t\t\t\t<p class=\"p1\">Am <span class=\"s1\"><b>Ufer der Yonne<\/b><\/span> gelegen, bietet der Campingplatz eine <span class=\"s1\"><b>ruhige Umgebung<\/b><\/span>, die zur Entspannung und zu <span class=\"s1\"><b>Outdoor-Aktivit\u00e4ten<\/b><\/span> einl\u00e4dt.<\/p><p class=\"p1\">Du profitierst insbesondere von:<\/p><ul><li><p class=\"p1\"><span class=\"s1\">einem <\/span><b>direkten Zugang zum Fluss<\/b><span class=\"s1\">, mit <\/span><b>Slipanlage f\u00fcr Boote und Kajaks<\/b><span class=\"s1\">,<\/span><\/p><\/li><li><p class=\"p1\"><span class=\"s1\">der <\/span><b>unmittelbaren N\u00e4he zu den Angelteichen<\/b><span class=\"s1\">,<\/span><\/p><\/li><li><p class=\"p1\"><span class=\"s1\">einer <\/span><b>angenehmen Umgebung f\u00fcr Spazierg\u00e4nge oder Radtouren<\/b><span class=\"s1\">,<\/span><\/p><\/li><li><p class=\"p1\"><span class=\"s1\"><b>schattigen Pl\u00e4tzen<\/b><\/span> zum Ausruhen oder Picknicken.<\/p><\/li><\/ul><p> <\/p>\t\t\t\t\t\t\t\t<\/div>\n\t\t\t\t<\/div>\n\t\t\t\t\t<\/div>\n\t\t\t\t<\/div>\n\t\t<div class=\"elementor-element elementor-element-31595c2 e-flex e-con-boxed e-con e-parent\" data-id=\"31595c2\" data-element_type=\"container\" data-e-type=\"container\">\n\t\t\t\t\t<div class=\"e-con-inner\">\n\t\t\t\t<div class=\"elementor-element elementor-element-c96dc3e elementor-widget elementor-widget-heading\" data-id=\"c96dc3e\" data-element_type=\"widget\" data-e-type=\"widget\" data-widget_type=\"heading.default\">\n\t\t\t\t<div class=\"elementor-widget-container\">\n\t\t\t\t\t<h2 class=\"elementor-heading-title elementor-size-default\">Services in Entwicklung<\/h2>\t\t\t\t<\/div>\n\t\t\t\t<\/div>\n\t\t\t\t<div class=\"elementor-element elementor-element-9e19a75 elementor-widget elementor-widget-text-editor\" data-id=\"9e19a75\" data-element_type=\"widget\" data-e-type=\"widget\" data-widget_type=\"text-editor.default\">\n\t\t\t\t<div class=\"elementor-widget-container\">\n\t\t\t\t\t\t\t\t\t<p class=\"p1\">Der Campingplatz \u00cele d\u2019Amour entwickelt sich st\u00e4ndig weiter, um das Erlebnis seiner Besucher zu verbessern.<\/p><p class=\"p1\">Unter den laufenden oder kommenden Projekten:<\/p><ul><li><p class=\"p1\">die Einrichtung einer Snackbar mit einfachen Speisen und Erfrischungen,<\/p><\/li><li><p class=\"p1\">die Er\u00f6ffnung eines kleinen Ladens mit Lebensmitteln und Artikeln des t\u00e4glichen Bedarfs,<\/p><\/li><li><p class=\"p1\">die Einrichtung eines gemeinsamen Grillplatzes,<\/p><\/li><li><p class=\"p1\">die schrittweise Entwicklung neuer praktischer Services auf dem Gel\u00e4nde.<\/p><\/li><\/ul><p class=\"p1\">Diese Entwicklungen zielen darauf ab, den Komfort zu verbessern, wobei der ruhige und nat\u00fcrliche Charakter des Campingplatzes erhalten bleibt.<\/p>\t\t\t\t\t\t\t\t<\/div>\n\t\t\t\t<\/div>\n\t\t\t\t\t<\/div>\n\t\t\t\t<\/div>\n\t\t<div class=\"elementor-element elementor-element-4f0bd25 e-flex e-con-boxed e-con e-parent\" data-id=\"4f0bd25\" data-element_type=\"container\" data-e-type=\"container\" data-settings=\"{&quot;background_background&quot;:&quot;classic&quot;}\">\n\t\t\t\t\t<div class=\"e-con-inner\">\n\t\t<div class=\"elementor-element elementor-element-5315870 e-con-full e-flex e-con e-child\" data-id=\"5315870\" data-element_type=\"container\" data-e-type=\"container\">\n\t\t\t\t<div class=\"elementor-element elementor-element-41730a2 elementor-widget elementor-widget-heading\" data-id=\"41730a2\" data-element_type=\"widget\" data-e-type=\"widget\" data-widget_type=\"heading.default\">\n\t\t\t\t<div class=\"elementor-widget-container\">\n\t\t\t\t\t<h2 class=\"elementor-heading-title elementor-size-default\">Buchen Sie Ihren Aufenthalt am Ufer der Yonne<\/h2>\t\t\t\t<\/div>\n\t\t\t\t<\/div>\n\t\t\t\t<div class=\"elementor-element elementor-element-5015275 elementor-widget elementor-widget-text-editor\" data-id=\"5015275\" data-element_type=\"widget\" data-e-type=\"widget\" data-widget_type=\"text-editor.default\">\n\t\t\t\t<div class=\"elementor-widget-container\">\n\t\t\t\t\t\t\t\t\t<p class=\"p1\">Stellpl\u00e4tze, Mobilheime und wesentliche Services f\u00fcr einen erholsamen Zwischenstopp oder einen Natururlaub in der Yonne.<\/p>\t\t\t\t\t\t\t\t<\/div>\n\t\t\t\t<\/div>\n\t\t\t\t<div class=\"elementor-element elementor-element-7c428f1 elementor-widget elementor-widget-button\" data-id=\"7c428f1\" data-element_type=\"widget\" data-e-type=\"widget\" data-widget_type=\"button.default\">\n\t\t\t\t<div class=\"elementor-widget-container\">\n\t\t\t\t\t\t\t\t\t<div class=\"elementor-button-wrapper\">\n\t\t\t\t\t<a class=\"elementor-button elementor-button-link elementor-size-sm\" href=\"https:\/\/reservation.secureholiday.net\/fr\/16351\/\">\n\t\t\t\t\t\t<span class=\"elementor-button-content-wrapper\">\n\t\t\t\t\t\t\t\t\t<span class=\"elementor-button-text\">Verf\u00fcgbarkeiten pr\u00fcfen<\/span>\n\t\t\t\t\t<\/span>\n\t\t\t\t\t<\/a>\n\t\t\t\t<\/div>\n\t\t\t\t\t\t\t\t<\/div>\n\t\t\t\t<\/div>\n\t\t\t\t<\/div>\n\t\t\t\t\t<\/div>\n\t\t\t\t<\/div>\n\t\t\t\t<\/div>\n\t\t","protected":false},"excerpt":{"rendered":"<p>Services und Ausstattung des Campingplatzes \u00cele d\u2019Amour Der Campingplatz \u00cele d\u2019Amour bietet einfache, praktische und st\u00e4ndig verbesserte Services an, um einen angenehmen und ruhigen Aufenthalt am Ufer der Yonne zu gew\u00e4hrleisten. Wesentliche Services f\u00fcr deinen Aufenthalt Der Campingplatz bietet die notwendige Ausstattung f\u00fcr einen komfortablen Aufenthalt, ohne \u00dcberfl\u00fcssiges. Das Ziel ist es, Einfachheit, Zug\u00e4nglichkeit und [&hellip;]<\/p>\n","protected":false},"author":1,"featured_media":0,"parent":0,"menu_order":0,"comment_status":"closed","ping_status":"closed","template":"","meta":{"footnotes":""},"class_list":["post-3427","page","type-page","status-publish","hentry"],"yoast_head":"<!-- This site is optimized with the Yoast SEO plugin v27.5 - https:\/\/yoast.com\/product\/yoast-seo-wordpress\/ -->\n<title>Services und Ausstattung des Campingplatzes \u00cele d\u2019Amour<\/title>\n<meta name=\"description\" content=\"Sanit\u00e4ranlagen, Stromanschl\u00fcsse, Picknicktische und praktische Services f\u00fcr einen entspannten Aufenthalt auf dem Campingplatz.\" \/>\n<meta name=\"robots\" content=\"index, follow, max-snippet:-1, max-image-preview:large, max-video-preview:-1\" \/>\n<link rel=\"canonical\" href=\"https:\/\/iledamour.com\/de\/services-und-ausstattung\/\" \/>\n<meta property=\"og:locale\" content=\"de_DE\" \/>\n<meta property=\"og:type\" content=\"article\" \/>\n<meta property=\"og:title\" content=\"Services und Ausstattung des Campingplatzes \u00cele d\u2019Amour\" \/>\n<meta property=\"og:description\" content=\"Sanit\u00e4ranlagen, Stromanschl\u00fcsse, Picknicktische und praktische Services f\u00fcr einen entspannten Aufenthalt auf dem Campingplatz.\" \/>\n<meta property=\"og:url\" content=\"https:\/\/iledamour.com\/de\/services-und-ausstattung\/\" \/>\n<meta property=\"og:site_name\" content=\"Camping l\u2019\u00cele d\u2019Amour\" \/>\n<meta property=\"article:modified_time\" content=\"2026-01-12T09:24:27+00:00\" \/>\n<meta name=\"twitter:card\" content=\"summary_large_image\" \/>\n<meta name=\"twitter:label1\" content=\"Gesch\u00e4tzte Lesezeit\" \/>\n\t<meta name=\"twitter:data1\" content=\"2\u00a0Minuten\" \/>\n<script type=\"application\/ld+json\" class=\"yoast-schema-graph\">{\"@context\":\"https:\\\/\\\/schema.org\",\"@graph\":[{\"@type\":\"WebPage\",\"@id\":\"https:\\\/\\\/iledamour.com\\\/de\\\/services-und-ausstattung\\\/\",\"url\":\"https:\\\/\\\/iledamour.com\\\/de\\\/services-und-ausstattung\\\/\",\"name\":\"Services und Ausstattung des Campingplatzes \u00cele d\u2019Amour\",\"isPartOf\":{\"@id\":\"https:\\\/\\\/iledamour.com\\\/de\\\/#website\"},\"datePublished\":\"2025-12-17T22:42:41+00:00\",\"dateModified\":\"2026-01-12T09:24:27+00:00\",\"description\":\"Sanit\u00e4ranlagen, Stromanschl\u00fcsse, Picknicktische und praktische Services f\u00fcr einen entspannten Aufenthalt auf dem Campingplatz.\",\"breadcrumb\":{\"@id\":\"https:\\\/\\\/iledamour.com\\\/de\\\/services-und-ausstattung\\\/#breadcrumb\"},\"inLanguage\":\"de\",\"potentialAction\":[{\"@type\":\"ReadAction\",\"target\":[\"https:\\\/\\\/iledamour.com\\\/de\\\/services-und-ausstattung\\\/\"]}]},{\"@type\":\"BreadcrumbList\",\"@id\":\"https:\\\/\\\/iledamour.com\\\/de\\\/services-und-ausstattung\\\/#breadcrumb\",\"itemListElement\":[{\"@type\":\"ListItem\",\"position\":1,\"name\":\"Home\",\"item\":\"https:\\\/\\\/iledamour.com\\\/de\\\/startseite\\\/\"},{\"@type\":\"ListItem\",\"position\":2,\"name\":\"Services und Ausstattung\"}]},{\"@type\":\"WebSite\",\"@id\":\"https:\\\/\\\/iledamour.com\\\/de\\\/#website\",\"url\":\"https:\\\/\\\/iledamour.com\\\/de\\\/\",\"name\":\"Camping l\u2019\u00cele d\u2019Amour\",\"description\":\"Camping 2\u2605 \u00e0 Pont-sur-Yonne \u2013 Bourgogne\",\"publisher\":{\"@id\":\"https:\\\/\\\/iledamour.com\\\/de\\\/#organization\"},\"potentialAction\":[{\"@type\":\"SearchAction\",\"target\":{\"@type\":\"EntryPoint\",\"urlTemplate\":\"https:\\\/\\\/iledamour.com\\\/de\\\/?s={search_term_string}\"},\"query-input\":{\"@type\":\"PropertyValueSpecification\",\"valueRequired\":true,\"valueName\":\"search_term_string\"}}],\"inLanguage\":\"de\"},{\"@type\":\"Organization\",\"@id\":\"https:\\\/\\\/iledamour.com\\\/de\\\/#organization\",\"name\":\"Camping l\u2019\u00cele d\u2019Amour\",\"url\":\"https:\\\/\\\/iledamour.com\\\/de\\\/\",\"logo\":{\"@type\":\"ImageObject\",\"inLanguage\":\"de\",\"@id\":\"https:\\\/\\\/iledamour.com\\\/de\\\/#\\\/schema\\\/logo\\\/image\\\/\",\"url\":\"https:\\\/\\\/iledamour.com\\\/wp-content\\\/uploads\\\/2025\\\/09\\\/4.webp\",\"contentUrl\":\"https:\\\/\\\/iledamour.com\\\/wp-content\\\/uploads\\\/2025\\\/09\\\/4.webp\",\"width\":1182,\"height\":1920,\"caption\":\"Camping l\u2019\u00cele d\u2019Amour\"},\"image\":{\"@id\":\"https:\\\/\\\/iledamour.com\\\/de\\\/#\\\/schema\\\/logo\\\/image\\\/\"}}]}<\/script>\n<!-- \/ Yoast SEO plugin. -->","yoast_head_json":{"title":"Services und Ausstattung des Campingplatzes \u00cele d\u2019Amour","description":"Sanit\u00e4ranlagen, Stromanschl\u00fcsse, Picknicktische und praktische Services f\u00fcr einen entspannten Aufenthalt auf dem Campingplatz.","robots":{"index":"index","follow":"follow","max-snippet":"max-snippet:-1","max-image-preview":"max-image-preview:large","max-video-preview":"max-video-preview:-1"},"canonical":"https:\/\/iledamour.com\/de\/services-und-ausstattung\/","og_locale":"de_DE","og_type":"article","og_title":"Services und Ausstattung des Campingplatzes \u00cele d\u2019Amour","og_description":"Sanit\u00e4ranlagen, Stromanschl\u00fcsse, Picknicktische und praktische Services f\u00fcr einen entspannten Aufenthalt auf dem Campingplatz.","og_url":"https:\/\/iledamour.com\/de\/services-und-ausstattung\/","og_site_name":"Camping l\u2019\u00cele d\u2019Amour","article_modified_time":"2026-01-12T09:24:27+00:00","twitter_card":"summary_large_image","twitter_misc":{"Gesch\u00e4tzte Lesezeit":"2\u00a0Minuten"},"schema":{"@context":"https:\/\/schema.org","@graph":[{"@type":"WebPage","@id":"https:\/\/iledamour.com\/de\/services-und-ausstattung\/","url":"https:\/\/iledamour.com\/de\/services-und-ausstattung\/","name":"Services und Ausstattung des Campingplatzes \u00cele d\u2019Amour","isPartOf":{"@id":"https:\/\/iledamour.com\/de\/#website"},"datePublished":"2025-12-17T22:42:41+00:00","dateModified":"2026-01-12T09:24:27+00:00","description":"Sanit\u00e4ranlagen, Stromanschl\u00fcsse, Picknicktische und praktische Services f\u00fcr einen entspannten Aufenthalt auf dem Campingplatz.","breadcrumb":{"@id":"https:\/\/iledamour.com\/de\/services-und-ausstattung\/#breadcrumb"},"inLanguage":"de","potentialAction":[{"@type":"ReadAction","target":["https:\/\/iledamour.com\/de\/services-und-ausstattung\/"]}]},{"@type":"BreadcrumbList","@id":"https:\/\/iledamour.com\/de\/services-und-ausstattung\/#breadcrumb","itemListElement":[{"@type":"ListItem","position":1,"name":"Home","item":"https:\/\/iledamour.com\/de\/startseite\/"},{"@type":"ListItem","position":2,"name":"Services und Ausstattung"}]},{"@type":"WebSite","@id":"https:\/\/iledamour.com\/de\/#website","url":"https:\/\/iledamour.com\/de\/","name":"Camping l\u2019\u00cele d\u2019Amour","description":"Camping 2\u2605 \u00e0 Pont-sur-Yonne \u2013 Bourgogne","publisher":{"@id":"https:\/\/iledamour.com\/de\/#organization"},"potentialAction":[{"@type":"SearchAction","target":{"@type":"EntryPoint","urlTemplate":"https:\/\/iledamour.com\/de\/?s={search_term_string}"},"query-input":{"@type":"PropertyValueSpecification","valueRequired":true,"valueName":"search_term_string"}}],"inLanguage":"de"},{"@type":"Organization","@id":"https:\/\/iledamour.com\/de\/#organization","name":"Camping l\u2019\u00cele d\u2019Amour","url":"https:\/\/iledamour.com\/de\/","logo":{"@type":"ImageObject","inLanguage":"de","@id":"https:\/\/iledamour.com\/de\/#\/schema\/logo\/image\/","url":"https:\/\/iledamour.com\/wp-content\/uploads\/2025\/09\/4.webp","contentUrl":"https:\/\/iledamour.com\/wp-content\/uploads\/2025\/09\/4.webp","width":1182,"height":1920,"caption":"Camping l\u2019\u00cele d\u2019Amour"},"image":{"@id":"https:\/\/iledamour.com\/de\/#\/schema\/logo\/image\/"}}]}},"_hostinger_reach_plugin_has_subscription_block":false,"_hostinger_reach_plugin_is_elementor":false,"_links":{"self":[{"href":"https:\/\/iledamour.com\/de\/wp-json\/wp\/v2\/pages\/3427","targetHints":{"allow":["GET"]}}],"collection":[{"href":"https:\/\/iledamour.com\/de\/wp-json\/wp\/v2\/pages"}],"about":[{"href":"https:\/\/iledamour.com\/de\/wp-json\/wp\/v2\/types\/page"}],"author":[{"embeddable":true,"href":"https:\/\/iledamour.com\/de\/wp-json\/wp\/v2\/users\/1"}],"replies":[{"embeddable":true,"href":"https:\/\/iledamour.com\/de\/wp-json\/wp\/v2\/comments?post=3427"}],"version-history":[{"count":1,"href":"https:\/\/iledamour.com\/de\/wp-json\/wp\/v2\/pages\/3427\/revisions"}],"predecessor-version":[{"id":3428,"href":"https:\/\/iledamour.com\/de\/wp-json\/wp\/v2\/pages\/3427\/revisions\/3428"}],"wp:attachment":[{"href":"https:\/\/iledamour.com\/de\/wp-json\/wp\/v2\/media?parent=3427"}],"curies":[{"name":"wp","href":"https:\/\/api.w.org\/{rel}","templated":true}]}}