{"id":3423,"date":"2025-09-23T17:20:01","date_gmt":"2025-09-23T15:20:01","guid":{"rendered":"https:\/\/iledamour.com\/stellplaetze\/"},"modified":"2026-01-12T11:20:59","modified_gmt":"2026-01-12T09:20:59","slug":"stellplaetze","status":"publish","type":"page","link":"https:\/\/iledamour.com\/de\/stellplaetze\/","title":{"rendered":"Stellpl\u00e4tze"},"content":{"rendered":"\t\t<div data-elementor-type=\"wp-page\" data-elementor-id=\"3423\" class=\"elementor elementor-3423 elementor-33\" data-elementor-post-type=\"page\">\n\t\t\t\t<div class=\"elementor-element elementor-element-145111be e-flex e-con-boxed e-con e-parent\" data-id=\"145111be\" data-element_type=\"container\" data-e-type=\"container\" data-settings=\"{&quot;background_background&quot;:&quot;classic&quot;}\">\n\t\t\t\t\t<div class=\"e-con-inner\">\n\t\t<div class=\"elementor-element elementor-element-480ae350 e-con-full e-flex e-con e-child\" data-id=\"480ae350\" data-element_type=\"container\" data-e-type=\"container\">\n\t\t\t\t<div class=\"elementor-element elementor-element-55843fb7 .hero-title elementor-widget elementor-widget-heading\" data-id=\"55843fb7\" data-element_type=\"widget\" data-e-type=\"widget\" data-widget_type=\"heading.default\">\n\t\t\t\t<div class=\"elementor-widget-container\">\n\t\t\t\t\t<h1 class=\"elementor-heading-title elementor-size-default\">Stellpl\u00e4tze f\u00fcr Zelte, Wohnwagen und Wohnmobile<\/h1>\t\t\t\t<\/div>\n\t\t\t\t<\/div>\n\t\t\t\t<div class=\"elementor-element elementor-element-76be984 elementor-widget elementor-widget-text-editor\" data-id=\"76be984\" data-element_type=\"widget\" data-e-type=\"widget\" data-widget_type=\"text-editor.default\">\n\t\t\t\t<div class=\"elementor-widget-container\">\n\t\t\t\t\t\t\t\t\t<p class=\"p1\">Ob du nur f\u00fcr eine Nacht auf der Durchreise bist oder f\u00fcr ein paar Tage bleibst, die Stellpl\u00e4tze des Camping l\u2019\u00cele d\u2019Amour bieten eine einfache und praktische L\u00f6sung in einer ruhigen und nat\u00fcrlichen Umgebung am Ufer der Yonne, in der N\u00e4he von Sens.<\/p>\t\t\t\t\t\t\t\t<\/div>\n\t\t\t\t<\/div>\n\t\t\t\t<\/div>\n\t\t\t\t\t<\/div>\n\t\t\t\t<\/div>\n\t\t<div class=\"elementor-element elementor-element-707f466d e-flex e-con-boxed e-con e-parent\" data-id=\"707f466d\" data-element_type=\"container\" data-e-type=\"container\">\n\t\t\t\t\t<div class=\"e-con-inner\">\n\t\t\t\t<div class=\"elementor-element elementor-element-45b88f57 elementor-widget elementor-widget-heading\" data-id=\"45b88f57\" data-element_type=\"widget\" data-e-type=\"widget\" data-widget_type=\"heading.default\">\n\t\t\t\t<div class=\"elementor-widget-container\">\n\t\t\t\t\t<h2 class=\"elementor-heading-title elementor-size-default\">Ger\u00e4umige und gut erreichbare Stellpl\u00e4tze<\/h2>\t\t\t\t<\/div>\n\t\t\t\t<\/div>\n\t\t\t\t<div class=\"elementor-element elementor-element-6b24e999 elementor-widget elementor-widget-text-editor\" data-id=\"6b24e999\" data-element_type=\"widget\" data-e-type=\"widget\" data-widget_type=\"text-editor.default\">\n\t\t\t\t<div class=\"elementor-widget-container\">\n\t\t\t\t\t\t\t\t\t<p class=\"p1\">Der Camping l\u2019\u00cele d\u2019Amour verf\u00fcgt \u00fcber <span class=\"s1\"><b>158 Stellpl\u00e4tze<\/b><\/span> mit einer durchschnittlichen Fl\u00e4che von etwa <span class=\"s1\"><b>100 m\u00b2<\/b><\/span>, sodass sich jeder bequem einrichten kann, sei es im Zelt, im Wohnwagen oder im Wohnmobil.<\/p><p class=\"p1\">Der Campingplatz legt Wert auf <span class=\"s1\"><b>Platz, Ruhe und Bewegungsfreiheit<\/b><\/span>, w\u00e4hrend er gleichzeitig \u00fcber die Hauptverkehrsachsen und den <span class=\"s1\"><b>Radweg V55 (Paris \u2192 Sens)<\/b><\/span> leicht erreichbar bleibt.<\/p>\t\t\t\t\t\t\t\t<\/div>\n\t\t\t\t<\/div>\n\t\t\t\t\t<\/div>\n\t\t\t\t<\/div>\n\t\t<div class=\"elementor-element elementor-element-2ac10d2 e-flex e-con-boxed e-con e-parent\" data-id=\"2ac10d2\" data-element_type=\"container\" data-e-type=\"container\">\n\t\t\t\t\t<div class=\"e-con-inner\">\n\t\t\t\t<div class=\"elementor-element elementor-element-4fe4eca elementor-widget elementor-widget-heading\" data-id=\"4fe4eca\" data-element_type=\"widget\" data-e-type=\"widget\" data-widget_type=\"heading.default\">\n\t\t\t\t<div class=\"elementor-widget-container\">\n\t\t\t\t\t<h2 class=\"elementor-heading-title elementor-size-default\">Stellpl\u00e4tze, die zu deiner Art von Aufenthalt passen<\/h2>\t\t\t\t<\/div>\n\t\t\t\t<\/div>\n\t\t\t\t<div class=\"elementor-element elementor-element-0f9049d elementor-widget elementor-widget-text-editor\" data-id=\"0f9049d\" data-element_type=\"widget\" data-e-type=\"widget\" data-widget_type=\"text-editor.default\">\n\t\t\t\t<div class=\"elementor-widget-container\">\n\t\t\t\t\t\t\t\t\t<p class=\"p1\">Die Stellpl\u00e4tze eignen sich besonders f\u00fcr:<\/p><ul><li class=\"p1\">f\u00fcr <span class=\"s1\"><b>Zwischenstopps f\u00fcr eine Nacht<\/b><\/span> oder Kurzaufenthalte,<\/li><li class=\"p1\">f\u00fcr <span class=\"s1\"><b>durchreisende Radfahrer<\/b><\/span>, mit direktem Zugang zum Radweg V55,<\/li><li class=\"p1\">f\u00fcr <span class=\"s1\"><b>Wohnmobile<\/b><\/span>, die einen ruhigen, praktischen und gut gelegenen Zwischenstopp suchen,<\/li><li class=\"p1\">f\u00fcr <span class=\"s1\"><b>Familien<\/b><\/span>, die einen einfachen Aufenthalt inmitten der Natur w\u00fcnschen.<\/li><\/ul>\t\t\t\t\t\t\t\t<\/div>\n\t\t\t\t<\/div>\n\t\t\t\t\t<\/div>\n\t\t\t\t<\/div>\n\t\t<div class=\"elementor-element elementor-element-3d32deb e-flex e-con-boxed e-con e-parent\" data-id=\"3d32deb\" data-element_type=\"container\" data-e-type=\"container\">\n\t\t\t\t\t<div class=\"e-con-inner\">\n\t\t\t\t<div class=\"elementor-element elementor-element-d08c510 elementor-widget elementor-widget-heading\" data-id=\"d08c510\" data-element_type=\"widget\" data-e-type=\"widget\" data-widget_type=\"heading.default\">\n\t\t\t\t<div class=\"elementor-widget-container\">\n\t\t\t\t\t<h2 class=\"elementor-heading-title elementor-size-default\">Ausstattung der Stellpl\u00e4tze<\/h2>\t\t\t\t<\/div>\n\t\t\t\t<\/div>\n\t\t\t\t<div class=\"elementor-element elementor-element-3324e7b elementor-widget elementor-widget-text-editor\" data-id=\"3324e7b\" data-element_type=\"widget\" data-e-type=\"widget\" data-widget_type=\"text-editor.default\">\n\t\t\t\t<div class=\"elementor-widget-container\">\n\t\t\t\t\t\t\t\t\t<p class=\"p1\">Die Stellpl\u00e4tze des Camping l\u2019\u00cele d\u2019Amour sind ausgestattet, um den grundlegenden Bed\u00fcrfnissen der Camper gerecht zu werden, in einem einfachen, funktionalen und gut gepflegten Rahmen:<\/p><ul><li><p class=\"p1\"><span class=\"s1\"><b>10-Ampere-Stromanschl\u00fcsse<\/b><\/span>, auf <b>allen<\/b> Stellpl\u00e4tzen verf\u00fcgbar,<\/p><\/li><li><p class=\"p1\"><span class=\"s1\"><b>Gepflegte Gemeinschaftssanit\u00e4ranlagen<\/b><\/span>, mit behindertengerechten Einrichtungen (PMR),<\/p><\/li><li><p class=\"p1\"><b>Entsorgungsstation f\u00fcr Wohnmobile<\/b><span class=\"s1\"> (kostenpflichtiger Service),<\/span><\/p><\/li><li><p class=\"p1\"><span class=\"s1\"><b>Wasserbef\u00fcllung inklusive<\/b><\/span> f\u00fcr Campingg\u00e4ste <i>(kostenpflichtiger Service f\u00fcr externe Personen)<\/i>.<\/p><\/li><\/ul><p class=\"p1\">Camper haben auch Zugang zu allen <a href=\"https:\/\/iledamour.com\/services-et-equipements\/\"><span class=\"s1\"><b>Dienstleistungen und Einrichtungen des Campingplatzes<\/b><\/span><\/a>, was sowohl kurze Aufenthalte als auch l\u00e4ngere Etappen erleichtert.<\/p>\t\t\t\t\t\t\t\t<\/div>\n\t\t\t\t<\/div>\n\t\t\t\t\t<\/div>\n\t\t\t\t<\/div>\n\t\t<div class=\"elementor-element elementor-element-c3be6a4 e-flex e-con-boxed e-con e-parent\" data-id=\"c3be6a4\" data-element_type=\"container\" data-e-type=\"container\">\n\t\t\t\t\t<div class=\"e-con-inner\">\n\t\t\t\t<div class=\"elementor-element elementor-element-3f98d40 elementor-widget elementor-widget-heading\" data-id=\"3f98d40\" data-element_type=\"widget\" data-e-type=\"widget\" data-widget_type=\"heading.default\">\n\t\t\t\t<div class=\"elementor-widget-container\">\n\t\t\t\t\t<h2 class=\"elementor-heading-title elementor-size-default\">Einfache und flexible Anreise<\/h2>\t\t\t\t<\/div>\n\t\t\t\t<\/div>\n\t\t\t\t<div class=\"elementor-element elementor-element-f107941 elementor-widget elementor-widget-text-editor\" data-id=\"f107941\" data-element_type=\"widget\" data-e-type=\"widget\" data-widget_type=\"text-editor.default\">\n\t\t\t\t<div class=\"elementor-widget-container\">\n\t\t\t\t\t\t\t\t\t<p class=\"p1\">Ein- und Ausfahrten sind dank eines <span class=\"s1\"><b>Digicode-Systems<\/b><\/span> frei, was eine gro\u00dfe organisatorische Flexibilit\u00e4t bietet, auch bei sp\u00e4ter Anreise.<\/p><p class=\"p1\">Diese Freiheit wird besonders gesch\u00e4tzt f\u00fcr <span class=\"s1\"><b>Zwischenstopps<\/b><\/span>, <span class=\"s1\"><b>durchreisende Radfahrer<\/b><\/span> oder <span class=\"s1\"><b>Anreisen am Abend<\/b><\/span>, da sie es erm\u00f6glicht, den Aufenthalt ohne \u00fcberm\u00e4\u00dfige zeitliche Einschr\u00e4nkungen zu organisieren.<\/p>\t\t\t\t\t\t\t\t<\/div>\n\t\t\t\t<\/div>\n\t\t\t\t\t<\/div>\n\t\t\t\t<\/div>\n\t\t<div class=\"elementor-element elementor-element-5b909ff1 e-flex e-con-boxed e-con e-parent\" data-id=\"5b909ff1\" data-element_type=\"container\" data-e-type=\"container\" data-settings=\"{&quot;background_background&quot;:&quot;classic&quot;}\">\n\t\t\t\t\t<div class=\"e-con-inner\">\n\t\t<div class=\"elementor-element elementor-element-79f3cd30 e-con-full e-flex e-con e-child\" data-id=\"79f3cd30\" data-element_type=\"container\" data-e-type=\"container\">\n\t\t\t\t<div class=\"elementor-element elementor-element-3024020e elementor-widget elementor-widget-heading\" data-id=\"3024020e\" data-element_type=\"widget\" data-e-type=\"widget\" data-widget_type=\"heading.default\">\n\t\t\t\t<div class=\"elementor-widget-container\">\n\t\t\t\t\t<h2 class=\"elementor-heading-title elementor-size-default\">Buche einen Stellplatz am Ufer der Yonne<\/h2>\t\t\t\t<\/div>\n\t\t\t\t<\/div>\n\t\t\t\t<div class=\"elementor-element elementor-element-7da97194 elementor-widget elementor-widget-text-editor\" data-id=\"7da97194\" data-element_type=\"widget\" data-e-type=\"widget\" data-widget_type=\"text-editor.default\">\n\t\t\t\t<div class=\"elementor-widget-container\">\n\t\t\t\t\t\t\t\t\t<p class=\"p1\">Pr\u00fcfe die Verf\u00fcgbarkeiten und w\u00e4hle deinen Stellplatz f\u00fcr einen Zwischenstopp oder einen Aufenthalt im Camping l\u2019\u00cele d\u2019Amour.<\/p>\t\t\t\t\t\t\t\t<\/div>\n\t\t\t\t<\/div>\n\t\t\t\t<div class=\"elementor-element elementor-element-bd7808f elementor-widget elementor-widget-button\" data-id=\"bd7808f\" data-element_type=\"widget\" data-e-type=\"widget\" data-widget_type=\"button.default\">\n\t\t\t\t<div class=\"elementor-widget-container\">\n\t\t\t\t\t\t\t\t\t<div class=\"elementor-button-wrapper\">\n\t\t\t\t\t<a class=\"elementor-button elementor-button-link elementor-size-sm\" href=\"https:\/\/reservation.secureholiday.net\/fr\/16351\/\">\n\t\t\t\t\t\t<span class=\"elementor-button-content-wrapper\">\n\t\t\t\t\t\t\t\t\t<span class=\"elementor-button-text\">Verf\u00fcgbarkeiten pr\u00fcfen<\/span>\n\t\t\t\t\t<\/span>\n\t\t\t\t\t<\/a>\n\t\t\t\t<\/div>\n\t\t\t\t\t\t\t\t<\/div>\n\t\t\t\t<\/div>\n\t\t\t\t<\/div>\n\t\t\t\t\t<\/div>\n\t\t\t\t<\/div>\n\t\t\t\t<\/div>\n\t\t","protected":false},"excerpt":{"rendered":"<p>Stellpl\u00e4tze f\u00fcr Zelte, Wohnwagen und Wohnmobile Ob du nur f\u00fcr eine Nacht auf der Durchreise bist oder f\u00fcr ein paar Tage bleibst, die Stellpl\u00e4tze des Camping l\u2019\u00cele d\u2019Amour bieten eine einfache und praktische L\u00f6sung in einer ruhigen und nat\u00fcrlichen Umgebung am Ufer der Yonne, in der N\u00e4he von Sens. Ger\u00e4umige und gut erreichbare Stellpl\u00e4tze Der [&hellip;]<\/p>\n","protected":false},"author":1,"featured_media":0,"parent":0,"menu_order":0,"comment_status":"closed","ping_status":"closed","template":"","meta":{"footnotes":""},"class_list":["post-3423","page","type-page","status-publish","hentry"],"yoast_head":"<!-- This site is optimized with the Yoast SEO plugin v27.5 - https:\/\/yoast.com\/product\/yoast-seo-wordpress\/ -->\n<title>Campingstellpl\u00e4tze in Pont-sur-Yonne | Zelte, Wohnwagen, Wohnmobile<\/title>\n<meta name=\"description\" content=\"Ger\u00e4umige Stellpl\u00e4tze f\u00fcr Zelte, Wohnwagen und Wohnmobile am Ufer der Yonne, auf einem ruhigen und gut erreichbaren Campingplatz.\" \/>\n<meta name=\"robots\" content=\"index, follow, max-snippet:-1, max-image-preview:large, max-video-preview:-1\" \/>\n<link rel=\"canonical\" href=\"https:\/\/iledamour.com\/de\/stellplaetze\/\" \/>\n<meta property=\"og:locale\" content=\"de_DE\" \/>\n<meta property=\"og:type\" content=\"article\" \/>\n<meta property=\"og:title\" content=\"Campingstellpl\u00e4tze in Pont-sur-Yonne | Zelte, Wohnwagen, Wohnmobile\" \/>\n<meta property=\"og:description\" content=\"Ger\u00e4umige Stellpl\u00e4tze f\u00fcr Zelte, Wohnwagen und Wohnmobile am Ufer der Yonne, auf einem ruhigen und gut erreichbaren Campingplatz.\" \/>\n<meta property=\"og:url\" content=\"https:\/\/iledamour.com\/de\/stellplaetze\/\" \/>\n<meta property=\"og:site_name\" content=\"Camping l\u2019\u00cele d\u2019Amour\" \/>\n<meta property=\"article:modified_time\" content=\"2026-01-12T09:20:59+00:00\" \/>\n<meta name=\"twitter:card\" content=\"summary_large_image\" \/>\n<meta name=\"twitter:label1\" content=\"Gesch\u00e4tzte Lesezeit\" \/>\n\t<meta name=\"twitter:data1\" content=\"2\u00a0Minuten\" \/>\n<script type=\"application\/ld+json\" class=\"yoast-schema-graph\">{\"@context\":\"https:\\\/\\\/schema.org\",\"@graph\":[{\"@type\":\"WebPage\",\"@id\":\"https:\\\/\\\/iledamour.com\\\/de\\\/stellplaetze\\\/\",\"url\":\"https:\\\/\\\/iledamour.com\\\/de\\\/stellplaetze\\\/\",\"name\":\"Campingstellpl\u00e4tze in Pont-sur-Yonne | Zelte, Wohnwagen, Wohnmobile\",\"isPartOf\":{\"@id\":\"https:\\\/\\\/iledamour.com\\\/de\\\/#website\"},\"datePublished\":\"2025-09-23T15:20:01+00:00\",\"dateModified\":\"2026-01-12T09:20:59+00:00\",\"description\":\"Ger\u00e4umige Stellpl\u00e4tze f\u00fcr Zelte, Wohnwagen und Wohnmobile am Ufer der Yonne, auf einem ruhigen und gut erreichbaren Campingplatz.\",\"breadcrumb\":{\"@id\":\"https:\\\/\\\/iledamour.com\\\/de\\\/stellplaetze\\\/#breadcrumb\"},\"inLanguage\":\"de\",\"potentialAction\":[{\"@type\":\"ReadAction\",\"target\":[\"https:\\\/\\\/iledamour.com\\\/de\\\/stellplaetze\\\/\"]}]},{\"@type\":\"BreadcrumbList\",\"@id\":\"https:\\\/\\\/iledamour.com\\\/de\\\/stellplaetze\\\/#breadcrumb\",\"itemListElement\":[{\"@type\":\"ListItem\",\"position\":1,\"name\":\"Home\",\"item\":\"https:\\\/\\\/iledamour.com\\\/de\\\/startseite\\\/\"},{\"@type\":\"ListItem\",\"position\":2,\"name\":\"Stellpl\u00e4tze\"}]},{\"@type\":\"WebSite\",\"@id\":\"https:\\\/\\\/iledamour.com\\\/de\\\/#website\",\"url\":\"https:\\\/\\\/iledamour.com\\\/de\\\/\",\"name\":\"Camping l\u2019\u00cele d\u2019Amour\",\"description\":\"Camping 2\u2605 \u00e0 Pont-sur-Yonne \u2013 Bourgogne\",\"publisher\":{\"@id\":\"https:\\\/\\\/iledamour.com\\\/de\\\/#organization\"},\"potentialAction\":[{\"@type\":\"SearchAction\",\"target\":{\"@type\":\"EntryPoint\",\"urlTemplate\":\"https:\\\/\\\/iledamour.com\\\/de\\\/?s={search_term_string}\"},\"query-input\":{\"@type\":\"PropertyValueSpecification\",\"valueRequired\":true,\"valueName\":\"search_term_string\"}}],\"inLanguage\":\"de\"},{\"@type\":\"Organization\",\"@id\":\"https:\\\/\\\/iledamour.com\\\/de\\\/#organization\",\"name\":\"Camping l\u2019\u00cele d\u2019Amour\",\"url\":\"https:\\\/\\\/iledamour.com\\\/de\\\/\",\"logo\":{\"@type\":\"ImageObject\",\"inLanguage\":\"de\",\"@id\":\"https:\\\/\\\/iledamour.com\\\/de\\\/#\\\/schema\\\/logo\\\/image\\\/\",\"url\":\"https:\\\/\\\/iledamour.com\\\/wp-content\\\/uploads\\\/2025\\\/09\\\/4.webp\",\"contentUrl\":\"https:\\\/\\\/iledamour.com\\\/wp-content\\\/uploads\\\/2025\\\/09\\\/4.webp\",\"width\":1182,\"height\":1920,\"caption\":\"Camping l\u2019\u00cele d\u2019Amour\"},\"image\":{\"@id\":\"https:\\\/\\\/iledamour.com\\\/de\\\/#\\\/schema\\\/logo\\\/image\\\/\"}}]}<\/script>\n<!-- \/ Yoast SEO plugin. -->","yoast_head_json":{"title":"Campingstellpl\u00e4tze in Pont-sur-Yonne | Zelte, Wohnwagen, Wohnmobile","description":"Ger\u00e4umige Stellpl\u00e4tze f\u00fcr Zelte, Wohnwagen und Wohnmobile am Ufer der Yonne, auf einem ruhigen und gut erreichbaren Campingplatz.","robots":{"index":"index","follow":"follow","max-snippet":"max-snippet:-1","max-image-preview":"max-image-preview:large","max-video-preview":"max-video-preview:-1"},"canonical":"https:\/\/iledamour.com\/de\/stellplaetze\/","og_locale":"de_DE","og_type":"article","og_title":"Campingstellpl\u00e4tze in Pont-sur-Yonne | Zelte, Wohnwagen, Wohnmobile","og_description":"Ger\u00e4umige Stellpl\u00e4tze f\u00fcr Zelte, Wohnwagen und Wohnmobile am Ufer der Yonne, auf einem ruhigen und gut erreichbaren Campingplatz.","og_url":"https:\/\/iledamour.com\/de\/stellplaetze\/","og_site_name":"Camping l\u2019\u00cele d\u2019Amour","article_modified_time":"2026-01-12T09:20:59+00:00","twitter_card":"summary_large_image","twitter_misc":{"Gesch\u00e4tzte Lesezeit":"2\u00a0Minuten"},"schema":{"@context":"https:\/\/schema.org","@graph":[{"@type":"WebPage","@id":"https:\/\/iledamour.com\/de\/stellplaetze\/","url":"https:\/\/iledamour.com\/de\/stellplaetze\/","name":"Campingstellpl\u00e4tze in Pont-sur-Yonne | Zelte, Wohnwagen, Wohnmobile","isPartOf":{"@id":"https:\/\/iledamour.com\/de\/#website"},"datePublished":"2025-09-23T15:20:01+00:00","dateModified":"2026-01-12T09:20:59+00:00","description":"Ger\u00e4umige Stellpl\u00e4tze f\u00fcr Zelte, Wohnwagen und Wohnmobile am Ufer der Yonne, auf einem ruhigen und gut erreichbaren Campingplatz.","breadcrumb":{"@id":"https:\/\/iledamour.com\/de\/stellplaetze\/#breadcrumb"},"inLanguage":"de","potentialAction":[{"@type":"ReadAction","target":["https:\/\/iledamour.com\/de\/stellplaetze\/"]}]},{"@type":"BreadcrumbList","@id":"https:\/\/iledamour.com\/de\/stellplaetze\/#breadcrumb","itemListElement":[{"@type":"ListItem","position":1,"name":"Home","item":"https:\/\/iledamour.com\/de\/startseite\/"},{"@type":"ListItem","position":2,"name":"Stellpl\u00e4tze"}]},{"@type":"WebSite","@id":"https:\/\/iledamour.com\/de\/#website","url":"https:\/\/iledamour.com\/de\/","name":"Camping l\u2019\u00cele d\u2019Amour","description":"Camping 2\u2605 \u00e0 Pont-sur-Yonne \u2013 Bourgogne","publisher":{"@id":"https:\/\/iledamour.com\/de\/#organization"},"potentialAction":[{"@type":"SearchAction","target":{"@type":"EntryPoint","urlTemplate":"https:\/\/iledamour.com\/de\/?s={search_term_string}"},"query-input":{"@type":"PropertyValueSpecification","valueRequired":true,"valueName":"search_term_string"}}],"inLanguage":"de"},{"@type":"Organization","@id":"https:\/\/iledamour.com\/de\/#organization","name":"Camping l\u2019\u00cele d\u2019Amour","url":"https:\/\/iledamour.com\/de\/","logo":{"@type":"ImageObject","inLanguage":"de","@id":"https:\/\/iledamour.com\/de\/#\/schema\/logo\/image\/","url":"https:\/\/iledamour.com\/wp-content\/uploads\/2025\/09\/4.webp","contentUrl":"https:\/\/iledamour.com\/wp-content\/uploads\/2025\/09\/4.webp","width":1182,"height":1920,"caption":"Camping l\u2019\u00cele d\u2019Amour"},"image":{"@id":"https:\/\/iledamour.com\/de\/#\/schema\/logo\/image\/"}}]}},"_hostinger_reach_plugin_has_subscription_block":false,"_hostinger_reach_plugin_is_elementor":false,"_links":{"self":[{"href":"https:\/\/iledamour.com\/de\/wp-json\/wp\/v2\/pages\/3423","targetHints":{"allow":["GET"]}}],"collection":[{"href":"https:\/\/iledamour.com\/de\/wp-json\/wp\/v2\/pages"}],"about":[{"href":"https:\/\/iledamour.com\/de\/wp-json\/wp\/v2\/types\/page"}],"author":[{"embeddable":true,"href":"https:\/\/iledamour.com\/de\/wp-json\/wp\/v2\/users\/1"}],"replies":[{"embeddable":true,"href":"https:\/\/iledamour.com\/de\/wp-json\/wp\/v2\/comments?post=3423"}],"version-history":[{"count":1,"href":"https:\/\/iledamour.com\/de\/wp-json\/wp\/v2\/pages\/3423\/revisions"}],"predecessor-version":[{"id":3424,"href":"https:\/\/iledamour.com\/de\/wp-json\/wp\/v2\/pages\/3423\/revisions\/3424"}],"wp:attachment":[{"href":"https:\/\/iledamour.com\/de\/wp-json\/wp\/v2\/media?parent=3423"}],"curies":[{"name":"wp","href":"https:\/\/api.w.org\/{rel}","templated":true}]}}