{"id":3319,"date":"2025-09-23T17:28:10","date_gmt":"2025-09-23T15:28:10","guid":{"rendered":"https:\/\/iledamour.com\/die-unterkuenfte\/"},"modified":"2026-01-09T13:44:06","modified_gmt":"2026-01-09T11:44:06","slug":"die-unterkuenfte","status":"publish","type":"page","link":"https:\/\/iledamour.com\/de\/die-unterkuenfte\/","title":{"rendered":"Die Unterk\u00fcnfte"},"content":{"rendered":"\t\t<div data-elementor-type=\"wp-page\" data-elementor-id=\"3319\" class=\"elementor elementor-3319 elementor-81\" data-elementor-post-type=\"page\">\n\t\t\t\t<div class=\"elementor-element elementor-element-659ce5be e-flex e-con-boxed e-con e-parent\" data-id=\"659ce5be\" data-element_type=\"container\" data-e-type=\"container\" data-settings=\"{&quot;background_background&quot;:&quot;classic&quot;}\">\n\t\t\t\t\t<div class=\"e-con-inner\">\n\t\t<div class=\"elementor-element elementor-element-388d3353 e-con-full e-flex e-con e-child\" data-id=\"388d3353\" data-element_type=\"container\" data-e-type=\"container\">\n\t\t\t\t<div class=\"elementor-element elementor-element-599f85bb .hero-title elementor-widget elementor-widget-heading\" data-id=\"599f85bb\" data-element_type=\"widget\" data-e-type=\"widget\" data-widget_type=\"heading.default\">\n\t\t\t\t<div class=\"elementor-widget-container\">\n\t\t\t\t\t<h1 class=\"elementor-heading-title elementor-size-default\">Unsere Unterk\u00fcnfte auf dem Campingplatz \u00cele d\u2019Amour<\/h1>\t\t\t\t<\/div>\n\t\t\t\t<\/div>\n\t\t\t\t<div class=\"elementor-element elementor-element-4be6d3a elementor-widget elementor-widget-text-editor\" data-id=\"4be6d3a\" data-element_type=\"widget\" data-e-type=\"widget\" data-widget_type=\"text-editor.default\">\n\t\t\t\t<div class=\"elementor-widget-container\">\n\t\t\t\t\t\t\t\t\t<p>F\u00fcr eine Nacht oder einen l\u00e4ngeren Aufenthalt, in ruhiger Lage am Ufer der Yonne.<b><\/b><\/p>\t\t\t\t\t\t\t\t<\/div>\n\t\t\t\t<\/div>\n\t\t\t\t<\/div>\n\t\t\t\t\t<\/div>\n\t\t\t\t<\/div>\n\t\t<div class=\"elementor-element elementor-element-31a05709 e-flex e-con-boxed e-con e-parent\" data-id=\"31a05709\" data-element_type=\"container\" data-e-type=\"container\">\n\t\t\t\t\t<div class=\"e-con-inner\">\n\t\t\t\t<div class=\"elementor-element elementor-element-7e490bfd elementor-widget elementor-widget-heading\" data-id=\"7e490bfd\" data-element_type=\"widget\" data-e-type=\"widget\" data-widget_type=\"heading.default\">\n\t\t\t\t<div class=\"elementor-widget-container\">\n\t\t\t\t\t<h2 class=\"elementor-heading-title elementor-size-default\">Einfache Unterk\u00fcnfte, passend f\u00fcr jeden Aufenthalt<\/h2>\t\t\t\t<\/div>\n\t\t\t\t<\/div>\n\t\t\t\t<div class=\"elementor-element elementor-element-3f1e77e8 elementor-widget elementor-widget-text-editor\" data-id=\"3f1e77e8\" data-element_type=\"widget\" data-e-type=\"widget\" data-widget_type=\"text-editor.default\">\n\t\t\t\t<div class=\"elementor-widget-container\">\n\t\t\t\t\t\t\t\t\t<p class=\"p1\"><span class=\"s1\">Der Campingplatz \u00cele d\u2019Amour bietet verschiedene Unterkunftsl\u00f6sungen, um den Bed\u00fcrfnissen <\/span><b>von \u00dcbernachtungsg\u00e4sten, Naturliebhabern, Radfahrern auf Durchreise, Familien oder f\u00fcr l\u00e4ngere Aufenthalte gerecht zu werden<\/b><span class=\"s1\">.<\/span><\/p><p class=\"p3\">Jede Unterkunft legt Wert auf <span class=\"s2\"><b>Einfachheit, Ruhe und Naturn\u00e4he<\/b><\/span>, w\u00e4hrend sie gleichzeitig einfachen Zugang zu den wesentlichen Dienstleistungen des Campingplatzes bietet.<\/p>\t\t\t\t\t\t\t\t<\/div>\n\t\t\t\t<\/div>\n\t\t\t\t\t<\/div>\n\t\t\t\t<\/div>\n\t\t<div class=\"elementor-element elementor-element-4f736fb e-flex e-con-boxed e-con e-parent\" data-id=\"4f736fb\" data-element_type=\"container\" data-e-type=\"container\">\n\t\t\t\t\t<div class=\"e-con-inner\">\n\t\t\t\t<div class=\"elementor-element elementor-element-33bb450 elementor-widget elementor-widget-heading\" data-id=\"33bb450\" data-element_type=\"widget\" data-e-type=\"widget\" data-widget_type=\"heading.default\">\n\t\t\t\t<div class=\"elementor-widget-container\">\n\t\t\t\t\t<h2 class=\"elementor-heading-title elementor-size-default\">Unsere Unterkunftsl\u00f6sungen<\/h2>\t\t\t\t<\/div>\n\t\t\t\t<\/div>\n\t\t\t\t<div class=\"elementor-element elementor-element-7651021 elementor-widget elementor-widget-heading\" data-id=\"7651021\" data-element_type=\"widget\" data-e-type=\"widget\" data-widget_type=\"heading.default\">\n\t\t\t\t<div class=\"elementor-widget-container\">\n\t\t\t\t\t<h3 class=\"elementor-heading-title elementor-size-default\"><a href=\"https:\/\/iledamour.com\/emplacements\/\">Stellpl\u00e4tze f\u00fcr Zelte, Wohnwagen und Wohnmobile<\/a><\/h3>\t\t\t\t<\/div>\n\t\t\t\t<\/div>\n\t\t\t\t<div class=\"elementor-element elementor-element-b92c9c2 elementor-widget elementor-widget-text-editor\" data-id=\"b92c9c2\" data-element_type=\"widget\" data-e-type=\"widget\" data-widget_type=\"text-editor.default\">\n\t\t\t\t<div class=\"elementor-widget-container\">\n\t\t\t\t\t\t\t\t\t<p class=\"p1\">Ger\u00e4umige und zug\u00e4ngliche Stellpl\u00e4tze, geeignet f\u00fcr Zelte, Wohnwagen und Wohnmobile, f\u00fcr <span class=\"s1\"><b>eine \u00dcbernachtung oder einen l\u00e4ngeren Aufenthalt<\/b><\/span>, in einer ruhigen und gr\u00fcnen Umgebung.<\/p>\t\t\t\t\t\t\t\t<\/div>\n\t\t\t\t<\/div>\n\t\t\t\t<div class=\"elementor-element elementor-element-5b41439 elementor-widget elementor-widget-heading\" data-id=\"5b41439\" data-element_type=\"widget\" data-e-type=\"widget\" data-widget_type=\"heading.default\">\n\t\t\t\t<div class=\"elementor-widget-container\">\n\t\t\t\t\t<h3 class=\"elementor-heading-title elementor-size-default\"><a href=\"https:\/\/iledamour.com\/mobil-homes\/\">Mobilheime<\/a><\/h3>\t\t\t\t<\/div>\n\t\t\t\t<\/div>\n\t\t\t\t<div class=\"elementor-element elementor-element-0d4d11b elementor-widget elementor-widget-text-editor\" data-id=\"0d4d11b\" data-element_type=\"widget\" data-e-type=\"widget\" data-widget_type=\"text-editor.default\">\n\t\t\t\t<div class=\"elementor-widget-container\">\n\t\t\t\t\t\t\t\t\t<p class=\"p1\">Der Campingplatz bietet auch funktionale Mobilheime, die <span class=\"s1\"><b>mehr Komfort f\u00fcr Aufenthalte von mehreren N\u00e4chten<\/b><\/span> bieten, w\u00e4hrend der nat\u00fcrliche und freundliche Geist des Ortes erhalten bleibt.<\/p><p class=\"p1\">Die Mobilheime verf\u00fcgen \u00fcber eine <span class=\"s1\"><b>leistungsstarke Internetverbindung<\/b><\/span>, die es erm\u00f6glicht, <span class=\"s1\"><b>unter guten Bedingungen remote zu arbeiten<\/b><\/span>, w\u00e4hrend man eine ruhige Umgebung genie\u00dft.<\/p>\t\t\t\t\t\t\t\t<\/div>\n\t\t\t\t<\/div>\n\t\t\t\t\t<\/div>\n\t\t\t\t<\/div>\n\t\t<div class=\"elementor-element elementor-element-8ed154a e-flex e-con-boxed e-con e-parent\" data-id=\"8ed154a\" data-element_type=\"container\" data-e-type=\"container\">\n\t\t\t\t\t<div class=\"e-con-inner\">\n\t\t\t\t<div class=\"elementor-element elementor-element-a56da01 elementor-widget elementor-widget-heading\" data-id=\"a56da01\" data-element_type=\"widget\" data-e-type=\"widget\" data-widget_type=\"heading.default\">\n\t\t\t\t<div class=\"elementor-widget-container\">\n\t\t\t\t\t<h2 class=\"elementor-heading-title elementor-size-default\">F\u00fcr welche Art von Aufenthalten?<\/h2>\t\t\t\t<\/div>\n\t\t\t\t<\/div>\n\t\t\t\t<div class=\"elementor-element elementor-element-6a94004 elementor-widget elementor-widget-text-editor\" data-id=\"6a94004\" data-element_type=\"widget\" data-e-type=\"widget\" data-widget_type=\"text-editor.default\">\n\t\t\t\t<div class=\"elementor-widget-container\">\n\t\t\t\t\t\t\t\t\t<p class=\"p1\">Die Unterk\u00fcnfte des Campingplatzes \u00cele d\u2019Amour eignen sich insbesondere f\u00fcr:<\/p><ul><li><p class=\"p1\"><span class=\"s1\"><b>\u00dcbernachtungen<\/b><\/span> oder Zwischenstopps auf einer Reise,<\/p><\/li><li><p class=\"p1\"><span class=\"s1\"><b>Radwanderer<\/b><span class=\"s1\"> auf der V\u00e9loroute V55,<\/span><\/span><\/p><\/li><li><p class=\"p1\"><span class=\"s1\"><b>Familien, die einen ruhigen Aufenthalt suchen<\/b><span class=\"s1\">,<\/span><\/span><\/p><\/li><li><p class=\"p1\"><span class=\"s1\"><b>mehrt\u00e4gige Aufenthalte in der Yonne<\/b><span class=\"s1\">.<\/span><\/span><\/p><\/li><\/ul>\t\t\t\t\t\t\t\t<\/div>\n\t\t\t\t<\/div>\n\t\t\t\t<div class=\"elementor-element elementor-element-5159c1a elementor-widget elementor-widget-heading\" data-id=\"5159c1a\" data-element_type=\"widget\" data-e-type=\"widget\" data-widget_type=\"heading.default\">\n\t\t\t\t<div class=\"elementor-widget-container\">\n\t\t\t\t\t<h2 class=\"elementor-heading-title elementor-size-default\">Praktische Informationen<\/h2>\t\t\t\t<\/div>\n\t\t\t\t<\/div>\n\t\t\t\t<div class=\"elementor-element elementor-element-45d664f elementor-widget elementor-widget-text-editor\" data-id=\"45d664f\" data-element_type=\"widget\" data-e-type=\"widget\" data-widget_type=\"text-editor.default\">\n\t\t\t\t<div class=\"elementor-widget-container\">\n\t\t\t\t\t\t\t\t\t<p><span class=\"s1\">Die Ankunftsmodalit\u00e4ten, die verf\u00fcgbare Ausstattung und die zugeh\u00f6rigen Dienstleistungen variieren je nach Unterkunftstyp.<\/span><\/p><p><span class=\"s1\">Detaillierte Informationen, Verf\u00fcgbarkeiten und Preise k\u00f6nnen direkt bei der Buchung eingesehen werden.<\/span><\/p>\t\t\t\t\t\t\t\t<\/div>\n\t\t\t\t<\/div>\n\t\t\t\t\t<\/div>\n\t\t\t\t<\/div>\n\t\t<div class=\"elementor-element elementor-element-a31f0eb e-flex e-con-boxed e-con e-parent\" data-id=\"a31f0eb\" data-element_type=\"container\" data-e-type=\"container\" data-settings=\"{&quot;background_background&quot;:&quot;classic&quot;}\">\n\t\t\t\t\t<div class=\"e-con-inner\">\n\t\t<div class=\"elementor-element elementor-element-498283a2 e-con-full e-flex e-con e-child\" data-id=\"498283a2\" data-element_type=\"container\" data-e-type=\"container\">\n\t\t\t\t<div class=\"elementor-element elementor-element-444ebf0c elementor-widget elementor-widget-heading\" data-id=\"444ebf0c\" data-element_type=\"widget\" data-e-type=\"widget\" data-widget_type=\"heading.default\">\n\t\t\t\t<div class=\"elementor-widget-container\">\n\t\t\t\t\t<h2 class=\"elementor-heading-title elementor-size-default\">Buchen Sie Ihren Aufenthalt am Ufer der Yonne<\/h2>\t\t\t\t<\/div>\n\t\t\t\t<\/div>\n\t\t\t\t<div class=\"elementor-element elementor-element-2c909229 elementor-widget elementor-widget-text-editor\" data-id=\"2c909229\" data-element_type=\"widget\" data-e-type=\"widget\" data-widget_type=\"text-editor.default\">\n\t\t\t\t<div class=\"elementor-widget-container\">\n\t\t\t\t\t\t\t\t\t<p><span class=\"s1\">Pr\u00fcfen Sie die Verf\u00fcgbarkeiten und w\u00e4hlen Sie die Unterkunft, die am besten zu Ihrem Aufenthalt auf dem Campingplatz \u00cele d\u2019Amour passt.<\/span><\/p>\t\t\t\t\t\t\t\t<\/div>\n\t\t\t\t<\/div>\n\t\t\t\t<div class=\"elementor-element elementor-element-1100c6fa elementor-widget elementor-widget-button\" data-id=\"1100c6fa\" data-element_type=\"widget\" data-e-type=\"widget\" data-widget_type=\"button.default\">\n\t\t\t\t<div class=\"elementor-widget-container\">\n\t\t\t\t\t\t\t\t\t<div class=\"elementor-button-wrapper\">\n\t\t\t\t\t<a class=\"elementor-button elementor-button-link elementor-size-sm\" href=\"https:\/\/reservation.secureholiday.net\/fr\/16351\/\">\n\t\t\t\t\t\t<span class=\"elementor-button-content-wrapper\">\n\t\t\t\t\t\t\t\t\t<span class=\"elementor-button-text\">Verf\u00fcgbarkeiten pr\u00fcfen<\/span>\n\t\t\t\t\t<\/span>\n\t\t\t\t\t<\/a>\n\t\t\t\t<\/div>\n\t\t\t\t\t\t\t\t<\/div>\n\t\t\t\t<\/div>\n\t\t\t\t<\/div>\n\t\t\t\t\t<\/div>\n\t\t\t\t<\/div>\n\t\t\t\t<\/div>\n\t\t","protected":false},"excerpt":{"rendered":"<p>Unsere Unterk\u00fcnfte auf dem Campingplatz \u00cele d\u2019Amour F\u00fcr eine Nacht oder einen l\u00e4ngeren Aufenthalt, in ruhiger Lage am Ufer der Yonne. Einfache Unterk\u00fcnfte, passend f\u00fcr jeden Aufenthalt Der Campingplatz \u00cele d\u2019Amour bietet verschiedene Unterkunftsl\u00f6sungen, um den Bed\u00fcrfnissen von \u00dcbernachtungsg\u00e4sten, Naturliebhabern, Radfahrern auf Durchreise, Familien oder f\u00fcr l\u00e4ngere Aufenthalte gerecht zu werden. Jede Unterkunft legt Wert [&hellip;]<\/p>\n","protected":false},"author":1,"featured_media":0,"parent":0,"menu_order":0,"comment_status":"closed","ping_status":"closed","template":"","meta":{"footnotes":""},"class_list":["post-3319","page","type-page","status-publish","hentry"],"yoast_head":"<!-- This site is optimized with the Yoast SEO plugin v27.5 - https:\/\/yoast.com\/product\/yoast-seo-wordpress\/ -->\n<title>Unterk\u00fcnfte auf dem Campingplatz \u00cele d\u2019Amour in Pont-sur-Yonne<\/title>\n<meta name=\"description\" content=\"Entdecken Sie die Unterk\u00fcnfte des Campingplatzes \u00cele d\u2019Amour: Stellpl\u00e4tze und Mobilheime in ruhiger Lage am Ufer der Yonne.\" \/>\n<meta name=\"robots\" content=\"index, follow, max-snippet:-1, max-image-preview:large, max-video-preview:-1\" \/>\n<link rel=\"canonical\" href=\"https:\/\/iledamour.com\/de\/die-unterkuenfte\/\" \/>\n<meta property=\"og:locale\" content=\"de_DE\" \/>\n<meta property=\"og:type\" content=\"article\" \/>\n<meta property=\"og:title\" content=\"Unterk\u00fcnfte auf dem Campingplatz \u00cele d\u2019Amour in Pont-sur-Yonne\" \/>\n<meta property=\"og:description\" content=\"Entdecken Sie die Unterk\u00fcnfte des Campingplatzes \u00cele d\u2019Amour: Stellpl\u00e4tze und Mobilheime in ruhiger Lage am Ufer der Yonne.\" \/>\n<meta property=\"og:url\" content=\"https:\/\/iledamour.com\/de\/die-unterkuenfte\/\" \/>\n<meta property=\"og:site_name\" content=\"Camping l\u2019\u00cele d\u2019Amour\" \/>\n<meta property=\"article:modified_time\" content=\"2026-01-09T11:44:06+00:00\" \/>\n<meta name=\"twitter:card\" content=\"summary_large_image\" \/>\n<meta name=\"twitter:label1\" content=\"Gesch\u00e4tzte Lesezeit\" \/>\n\t<meta name=\"twitter:data1\" content=\"1\u00a0Minute\" \/>\n<script type=\"application\/ld+json\" class=\"yoast-schema-graph\">{\"@context\":\"https:\\\/\\\/schema.org\",\"@graph\":[{\"@type\":\"WebPage\",\"@id\":\"https:\\\/\\\/iledamour.com\\\/de\\\/die-unterkuenfte\\\/\",\"url\":\"https:\\\/\\\/iledamour.com\\\/de\\\/die-unterkuenfte\\\/\",\"name\":\"Unterk\u00fcnfte auf dem Campingplatz \u00cele d\u2019Amour in Pont-sur-Yonne\",\"isPartOf\":{\"@id\":\"https:\\\/\\\/iledamour.com\\\/de\\\/#website\"},\"datePublished\":\"2025-09-23T15:28:10+00:00\",\"dateModified\":\"2026-01-09T11:44:06+00:00\",\"description\":\"Entdecken Sie die Unterk\u00fcnfte des Campingplatzes \u00cele d\u2019Amour: Stellpl\u00e4tze und Mobilheime in ruhiger Lage am Ufer der Yonne.\",\"breadcrumb\":{\"@id\":\"https:\\\/\\\/iledamour.com\\\/de\\\/die-unterkuenfte\\\/#breadcrumb\"},\"inLanguage\":\"de\",\"potentialAction\":[{\"@type\":\"ReadAction\",\"target\":[\"https:\\\/\\\/iledamour.com\\\/de\\\/die-unterkuenfte\\\/\"]}]},{\"@type\":\"BreadcrumbList\",\"@id\":\"https:\\\/\\\/iledamour.com\\\/de\\\/die-unterkuenfte\\\/#breadcrumb\",\"itemListElement\":[{\"@type\":\"ListItem\",\"position\":1,\"name\":\"Home\",\"item\":\"https:\\\/\\\/iledamour.com\\\/de\\\/startseite\\\/\"},{\"@type\":\"ListItem\",\"position\":2,\"name\":\"Die Unterk\u00fcnfte\"}]},{\"@type\":\"WebSite\",\"@id\":\"https:\\\/\\\/iledamour.com\\\/de\\\/#website\",\"url\":\"https:\\\/\\\/iledamour.com\\\/de\\\/\",\"name\":\"Camping l\u2019\u00cele d\u2019Amour\",\"description\":\"Camping 2\u2605 \u00e0 Pont-sur-Yonne \u2013 Bourgogne\",\"publisher\":{\"@id\":\"https:\\\/\\\/iledamour.com\\\/de\\\/#organization\"},\"potentialAction\":[{\"@type\":\"SearchAction\",\"target\":{\"@type\":\"EntryPoint\",\"urlTemplate\":\"https:\\\/\\\/iledamour.com\\\/de\\\/?s={search_term_string}\"},\"query-input\":{\"@type\":\"PropertyValueSpecification\",\"valueRequired\":true,\"valueName\":\"search_term_string\"}}],\"inLanguage\":\"de\"},{\"@type\":\"Organization\",\"@id\":\"https:\\\/\\\/iledamour.com\\\/de\\\/#organization\",\"name\":\"Camping l\u2019\u00cele d\u2019Amour\",\"url\":\"https:\\\/\\\/iledamour.com\\\/de\\\/\",\"logo\":{\"@type\":\"ImageObject\",\"inLanguage\":\"de\",\"@id\":\"https:\\\/\\\/iledamour.com\\\/de\\\/#\\\/schema\\\/logo\\\/image\\\/\",\"url\":\"https:\\\/\\\/iledamour.com\\\/wp-content\\\/uploads\\\/2025\\\/09\\\/4.webp\",\"contentUrl\":\"https:\\\/\\\/iledamour.com\\\/wp-content\\\/uploads\\\/2025\\\/09\\\/4.webp\",\"width\":1182,\"height\":1920,\"caption\":\"Camping l\u2019\u00cele d\u2019Amour\"},\"image\":{\"@id\":\"https:\\\/\\\/iledamour.com\\\/de\\\/#\\\/schema\\\/logo\\\/image\\\/\"}}]}<\/script>\n<!-- \/ Yoast SEO plugin. -->","yoast_head_json":{"title":"Unterk\u00fcnfte auf dem Campingplatz \u00cele d\u2019Amour in Pont-sur-Yonne","description":"Entdecken Sie die Unterk\u00fcnfte des Campingplatzes \u00cele d\u2019Amour: Stellpl\u00e4tze und Mobilheime in ruhiger Lage am Ufer der Yonne.","robots":{"index":"index","follow":"follow","max-snippet":"max-snippet:-1","max-image-preview":"max-image-preview:large","max-video-preview":"max-video-preview:-1"},"canonical":"https:\/\/iledamour.com\/de\/die-unterkuenfte\/","og_locale":"de_DE","og_type":"article","og_title":"Unterk\u00fcnfte auf dem Campingplatz \u00cele d\u2019Amour in Pont-sur-Yonne","og_description":"Entdecken Sie die Unterk\u00fcnfte des Campingplatzes \u00cele d\u2019Amour: Stellpl\u00e4tze und Mobilheime in ruhiger Lage am Ufer der Yonne.","og_url":"https:\/\/iledamour.com\/de\/die-unterkuenfte\/","og_site_name":"Camping l\u2019\u00cele d\u2019Amour","article_modified_time":"2026-01-09T11:44:06+00:00","twitter_card":"summary_large_image","twitter_misc":{"Gesch\u00e4tzte Lesezeit":"1\u00a0Minute"},"schema":{"@context":"https:\/\/schema.org","@graph":[{"@type":"WebPage","@id":"https:\/\/iledamour.com\/de\/die-unterkuenfte\/","url":"https:\/\/iledamour.com\/de\/die-unterkuenfte\/","name":"Unterk\u00fcnfte auf dem Campingplatz \u00cele d\u2019Amour in Pont-sur-Yonne","isPartOf":{"@id":"https:\/\/iledamour.com\/de\/#website"},"datePublished":"2025-09-23T15:28:10+00:00","dateModified":"2026-01-09T11:44:06+00:00","description":"Entdecken Sie die Unterk\u00fcnfte des Campingplatzes \u00cele d\u2019Amour: Stellpl\u00e4tze und Mobilheime in ruhiger Lage am Ufer der Yonne.","breadcrumb":{"@id":"https:\/\/iledamour.com\/de\/die-unterkuenfte\/#breadcrumb"},"inLanguage":"de","potentialAction":[{"@type":"ReadAction","target":["https:\/\/iledamour.com\/de\/die-unterkuenfte\/"]}]},{"@type":"BreadcrumbList","@id":"https:\/\/iledamour.com\/de\/die-unterkuenfte\/#breadcrumb","itemListElement":[{"@type":"ListItem","position":1,"name":"Home","item":"https:\/\/iledamour.com\/de\/startseite\/"},{"@type":"ListItem","position":2,"name":"Die Unterk\u00fcnfte"}]},{"@type":"WebSite","@id":"https:\/\/iledamour.com\/de\/#website","url":"https:\/\/iledamour.com\/de\/","name":"Camping l\u2019\u00cele d\u2019Amour","description":"Camping 2\u2605 \u00e0 Pont-sur-Yonne \u2013 Bourgogne","publisher":{"@id":"https:\/\/iledamour.com\/de\/#organization"},"potentialAction":[{"@type":"SearchAction","target":{"@type":"EntryPoint","urlTemplate":"https:\/\/iledamour.com\/de\/?s={search_term_string}"},"query-input":{"@type":"PropertyValueSpecification","valueRequired":true,"valueName":"search_term_string"}}],"inLanguage":"de"},{"@type":"Organization","@id":"https:\/\/iledamour.com\/de\/#organization","name":"Camping l\u2019\u00cele d\u2019Amour","url":"https:\/\/iledamour.com\/de\/","logo":{"@type":"ImageObject","inLanguage":"de","@id":"https:\/\/iledamour.com\/de\/#\/schema\/logo\/image\/","url":"https:\/\/iledamour.com\/wp-content\/uploads\/2025\/09\/4.webp","contentUrl":"https:\/\/iledamour.com\/wp-content\/uploads\/2025\/09\/4.webp","width":1182,"height":1920,"caption":"Camping l\u2019\u00cele d\u2019Amour"},"image":{"@id":"https:\/\/iledamour.com\/de\/#\/schema\/logo\/image\/"}}]}},"_hostinger_reach_plugin_has_subscription_block":false,"_hostinger_reach_plugin_is_elementor":false,"_links":{"self":[{"href":"https:\/\/iledamour.com\/de\/wp-json\/wp\/v2\/pages\/3319","targetHints":{"allow":["GET"]}}],"collection":[{"href":"https:\/\/iledamour.com\/de\/wp-json\/wp\/v2\/pages"}],"about":[{"href":"https:\/\/iledamour.com\/de\/wp-json\/wp\/v2\/types\/page"}],"author":[{"embeddable":true,"href":"https:\/\/iledamour.com\/de\/wp-json\/wp\/v2\/users\/1"}],"replies":[{"embeddable":true,"href":"https:\/\/iledamour.com\/de\/wp-json\/wp\/v2\/comments?post=3319"}],"version-history":[{"count":1,"href":"https:\/\/iledamour.com\/de\/wp-json\/wp\/v2\/pages\/3319\/revisions"}],"predecessor-version":[{"id":3321,"href":"https:\/\/iledamour.com\/de\/wp-json\/wp\/v2\/pages\/3319\/revisions\/3321"}],"wp:attachment":[{"href":"https:\/\/iledamour.com\/de\/wp-json\/wp\/v2\/media?parent=3319"}],"curies":[{"name":"wp","href":"https:\/\/api.w.org\/{rel}","templated":true}]}}